{"id":94,"date":"2021-09-06T14:44:13","date_gmt":"2021-09-06T14:44:13","guid":{"rendered":"https:\/\/haerzensfreud.ch\/?page_id=94"},"modified":"2026-03-25T13:31:35","modified_gmt":"2026-03-25T13:31:35","slug":"anreise","status":"publish","type":"page","link":"https:\/\/haerzensfreud.ch\/?page_id=94","title":{"rendered":"Anreise"},"content":{"rendered":"\t\t<div data-elementor-type=\"wp-page\" data-elementor-id=\"94\" class=\"elementor elementor-94\">\n\t\t\t\t\t\t<section class=\"elementor-section elementor-top-section elementor-element elementor-element-a658c76 elementor-section-boxed elementor-section-height-default elementor-section-height-default\" data-id=\"a658c76\" data-element_type=\"section\" data-e-type=\"section\">\n\t\t\t\t\t\t<div class=\"elementor-container elementor-column-gap-default\">\n\t\t\t\t\t<div class=\"elementor-column elementor-col-100 elementor-top-column elementor-element elementor-element-335f9f8\" data-id=\"335f9f8\" data-element_type=\"column\" data-e-type=\"column\">\n\t\t\t<div class=\"elementor-widget-wrap elementor-element-populated\">\n\t\t\t\t\t\t<div class=\"elementor-element elementor-element-d0e746a elementor-widget elementor-widget-image\" data-id=\"d0e746a\" data-element_type=\"widget\" data-e-type=\"widget\" data-widget_type=\"image.default\">\n\t\t\t\t<div class=\"elementor-widget-container\">\n\t\t\t\t\t\t\t\t\t\t\t\t\t\t\t<img fetchpriority=\"high\" decoding=\"async\" width=\"551\" height=\"305\" src=\"https:\/\/haerzensfreud.ch\/wp-content\/uploads\/2021\/10\/Header-transp-4.10.21.png\" class=\"attachment-large size-large wp-image-618\" alt=\"\" srcset=\"https:\/\/haerzensfreud.ch\/wp-content\/uploads\/2021\/10\/Header-transp-4.10.21.png 551w, https:\/\/haerzensfreud.ch\/wp-content\/uploads\/2021\/10\/Header-transp-4.10.21-530x293.png 530w, https:\/\/haerzensfreud.ch\/wp-content\/uploads\/2021\/10\/Header-transp-4.10.21-300x166.png 300w\" sizes=\"(max-width: 551px) 100vw, 551px\" style=\"width:100%;height:55.35%;max-width:551px\" \/>\t\t\t\t\t\t\t\t\t\t\t\t\t\t\t<\/div>\n\t\t\t\t<\/div>\n\t\t\t\t\t<\/div>\n\t\t<\/div>\n\t\t\t\t\t<\/div>\n\t\t<\/section>\n\t\t\t\t<section class=\"elementor-section elementor-top-section elementor-element elementor-element-920e0b8 elementor-section-boxed elementor-section-height-default elementor-section-height-default\" data-id=\"920e0b8\" data-element_type=\"section\" data-e-type=\"section\">\n\t\t\t\t\t\t<div class=\"elementor-container elementor-column-gap-default\">\n\t\t\t\t\t<div class=\"elementor-column elementor-col-100 elementor-top-column elementor-element elementor-element-4fb986a\" data-id=\"4fb986a\" data-element_type=\"column\" data-e-type=\"column\">\n\t\t\t<div class=\"elementor-widget-wrap elementor-element-populated\">\n\t\t\t\t\t\t<div class=\"elementor-element elementor-element-78aa294 elementor-widget elementor-widget-image\" data-id=\"78aa294\" data-element_type=\"widget\" data-e-type=\"widget\" data-widget_type=\"image.default\">\n\t\t\t\t<div class=\"elementor-widget-container\">\n\t\t\t\t\t\t\t\t\t\t\t\t\t\t\t<img decoding=\"async\" width=\"387\" height=\"277\" src=\"https:\/\/haerzensfreud.ch\/wp-content\/uploads\/2021\/09\/Eingang-Muehle.jpg\" class=\"attachment-large size-large wp-image-100\" alt=\"\" srcset=\"https:\/\/haerzensfreud.ch\/wp-content\/uploads\/2021\/09\/Eingang-Muehle.jpg 387w, https:\/\/haerzensfreud.ch\/wp-content\/uploads\/2021\/09\/Eingang-Muehle-300x215.jpg 300w\" sizes=\"(max-width: 387px) 100vw, 387px\" style=\"width:100%;height:71.58%;max-width:387px\" \/>\t\t\t\t\t\t\t\t\t\t\t\t\t\t\t<\/div>\n\t\t\t\t<\/div>\n\t\t\t\t\t<\/div>\n\t\t<\/div>\n\t\t\t\t\t<\/div>\n\t\t<\/section>\n\t\t\t\t<section class=\"elementor-section elementor-top-section elementor-element elementor-element-b910b60 elementor-section-boxed elementor-section-height-default elementor-section-height-default\" data-id=\"b910b60\" data-element_type=\"section\" data-e-type=\"section\">\n\t\t\t\t\t\t<div class=\"elementor-container elementor-column-gap-default\">\n\t\t\t\t\t<div class=\"elementor-column elementor-col-100 elementor-top-column elementor-element elementor-element-d78398f\" data-id=\"d78398f\" data-element_type=\"column\" data-e-type=\"column\">\n\t\t\t<div class=\"elementor-widget-wrap elementor-element-populated\">\n\t\t\t\t\t\t<div class=\"elementor-element elementor-element-289ea56 elementor-widget elementor-widget-text-editor\" data-id=\"289ea56\" data-element_type=\"widget\" data-e-type=\"widget\" data-widget_type=\"text-editor.default\">\n\t\t\t\t<div class=\"elementor-widget-container\">\n\t\t\t\t\t\t\t\t\t<p><strong><u>Anreise:<\/u><\/strong><\/p><p><u>Mit dem Auto:<\/u><\/p><p>Von den Autobahnanschl\u00fcssen Kirchberg, Niederbipp, Sursee und Dagmarsellen ist Huttwil mit dem Auto innerhalb von 30 Minuten erreichbar. Die Anreise gibt einen sch\u00f6nen Einblick ins Emmental, Oberaargau oder Luzerner Hinterland welche wunderbare Ausflugsziele sind.<\/p><p>Beim Laden \u00abH\u00e4rzensfreud\u00bb in Huttwil angekommen stehen Parkpl\u00e4tze direkt vor dem Laden zur Verf\u00fcgung. Eine weitere M\u00f6glichkeit zum Parkieren gibt es auch auf dem Parkplatz Ribimatte (geb\u00fchrenpflichtig!) ca. 3 min Fussweg.<\/p>\t\t\t\t\t\t\t\t<\/div>\n\t\t\t\t<\/div>\n\t\t\t\t\t<\/div>\n\t\t<\/div>\n\t\t\t\t\t<\/div>\n\t\t<\/section>\n\t\t\t\t<section class=\"elementor-section elementor-top-section elementor-element elementor-element-58e8886 elementor-section-boxed elementor-section-height-default elementor-section-height-default\" data-id=\"58e8886\" data-element_type=\"section\" data-e-type=\"section\">\n\t\t\t\t\t\t<div class=\"elementor-container elementor-column-gap-default\">\n\t\t\t\t\t<div class=\"elementor-column elementor-col-100 elementor-top-column elementor-element elementor-element-c10b1dd\" data-id=\"c10b1dd\" data-element_type=\"column\" data-e-type=\"column\">\n\t\t\t<div class=\"elementor-widget-wrap elementor-element-populated\">\n\t\t\t\t\t\t<div class=\"elementor-element elementor-element-b537afb elementor-widget elementor-widget-google_maps\" data-id=\"b537afb\" data-element_type=\"widget\" data-e-type=\"widget\" data-widget_type=\"google_maps.default\">\n\t\t\t\t<div class=\"elementor-widget-container\">\n\t\t\t\t\t\t\t<div class=\"elementor-custom-embed\">\n\t\t\t<iframe loading=\"lazy\"\n\t\t\t\t\tsrc=\"https:\/\/maps.google.com\/maps?q=H%C3%A4rzensfreud%20Huttwil&#038;t=m&#038;z=10&#038;output=embed&#038;iwloc=near\"\n\t\t\t\t\ttitle=\"H\u00e4rzensfreud Huttwil\"\n\t\t\t\t\taria-label=\"H\u00e4rzensfreud Huttwil\"\n\t\t\t><\/iframe>\n\t\t<\/div>\n\t\t\t\t\t\t<\/div>\n\t\t\t\t<\/div>\n\t\t\t\t\t<\/div>\n\t\t<\/div>\n\t\t\t\t\t<\/div>\n\t\t<\/section>\n\t\t\t\t<section class=\"elementor-section elementor-top-section elementor-element elementor-element-fe914ec elementor-section-boxed elementor-section-height-default elementor-section-height-default\" data-id=\"fe914ec\" data-element_type=\"section\" data-e-type=\"section\">\n\t\t\t\t\t\t<div class=\"elementor-container elementor-column-gap-default\">\n\t\t\t\t\t<div class=\"elementor-column elementor-col-100 elementor-top-column elementor-element elementor-element-5f3c49c\" data-id=\"5f3c49c\" data-element_type=\"column\" data-e-type=\"column\">\n\t\t\t<div class=\"elementor-widget-wrap elementor-element-populated\">\n\t\t\t\t\t\t<div class=\"elementor-element elementor-element-c3e2011 elementor-widget elementor-widget-text-editor\" data-id=\"c3e2011\" data-element_type=\"widget\" data-e-type=\"widget\" data-widget_type=\"text-editor.default\">\n\t\t\t\t<div class=\"elementor-widget-container\">\n\t\t\t\t\t\t\t\t\t<p><u>Mit dem Zug:<\/u><\/p><p>Der Laden \u00abH\u00e4rzensfreud\u00bb in der Alten M\u00fchle ist vom Bahnhof Huttwil in 5 Min zu Fuss erreichbar. Einfach auf dem Perron Sektor C ganz hinten die Unterf\u00fchrung Richtung Spitalstrasse benutzen und der rot eingezeichneten Linie auf der Karte unten folgen.<\/p>\t\t\t\t\t\t\t\t<\/div>\n\t\t\t\t<\/div>\n\t\t\t\t\t<\/div>\n\t\t<\/div>\n\t\t\t\t\t<\/div>\n\t\t<\/section>\n\t\t\t\t<section class=\"elementor-section elementor-top-section elementor-element elementor-element-a1f7af5 elementor-section-boxed elementor-section-height-default elementor-section-height-default\" data-id=\"a1f7af5\" data-element_type=\"section\" data-e-type=\"section\">\n\t\t\t\t\t\t<div class=\"elementor-container elementor-column-gap-default\">\n\t\t\t\t\t<div class=\"elementor-column elementor-col-100 elementor-top-column elementor-element elementor-element-2357986\" data-id=\"2357986\" data-element_type=\"column\" data-e-type=\"column\">\n\t\t\t<div class=\"elementor-widget-wrap elementor-element-populated\">\n\t\t\t\t\t\t<div class=\"elementor-element elementor-element-cf033b5 elementor-widget elementor-widget-image\" data-id=\"cf033b5\" data-element_type=\"widget\" data-e-type=\"widget\" data-widget_type=\"image.default\">\n\t\t\t\t<div class=\"elementor-widget-container\">\n\t\t\t\t\t\t\t\t\t\t\t\t\t\t\t<img decoding=\"async\" width=\"526\" height=\"295\" src=\"https:\/\/haerzensfreud.ch\/wp-content\/uploads\/2021\/09\/Fussweg.png\" class=\"attachment-large size-large wp-image-110\" alt=\"\" srcset=\"https:\/\/haerzensfreud.ch\/wp-content\/uploads\/2021\/09\/Fussweg.png 526w, https:\/\/haerzensfreud.ch\/wp-content\/uploads\/2021\/09\/Fussweg-300x168.png 300w\" sizes=\"(max-width: 526px) 100vw, 526px\" style=\"width:100%;height:56.08%;max-width:526px\" \/>\t\t\t\t\t\t\t\t\t\t\t\t\t\t\t<\/div>\n\t\t\t\t<\/div>\n\t\t\t\t\t<\/div>\n\t\t<\/div>\n\t\t\t\t\t<\/div>\n\t\t<\/section>\n\t\t\t\t<section class=\"elementor-section elementor-top-section elementor-element elementor-element-75d91d9 elementor-section-boxed elementor-section-height-default elementor-section-height-default\" data-id=\"75d91d9\" data-element_type=\"section\" data-e-type=\"section\">\n\t\t\t\t\t\t<div class=\"elementor-container elementor-column-gap-default\">\n\t\t\t\t\t<div class=\"elementor-column elementor-col-100 elementor-top-column elementor-element elementor-element-5c0fa88\" data-id=\"5c0fa88\" data-element_type=\"column\" data-e-type=\"column\">\n\t\t\t<div class=\"elementor-widget-wrap elementor-element-populated\">\n\t\t\t\t\t\t<div class=\"elementor-element elementor-element-a213931 elementor-widget elementor-widget-text-editor\" data-id=\"a213931\" data-element_type=\"widget\" data-e-type=\"widget\" data-widget_type=\"text-editor.default\">\n\t\t\t\t<div class=\"elementor-widget-container\">\n\t\t\t\t\t\t\t\t\t<p><strong><u>\u00d6ffnungszeiten<\/u><\/strong><\/p><p>Mittwoch\u00a0\u00a0\u00a0\u00a0\u00a0\u00a0\u00a0\u00a0\u00a0\u00a0\u00a0\u00a0\u00a0\u00a0\u00a0\u00a0\u00a0\u00a0\u00a0\u00a0\u00a0 \u00a0 9.00 bis 11.30 Uhr<\/p><p>Donnerstag\u00a0\u00a0\u00a0\u00a0\u00a0\u00a0\u00a0\u00a0\u00a0\u00a0\u00a0\u00a0\u00a0\u00a0\u00a0\u00a0\u00a0 \u00a0 9.00 bis 11.30 Uhr<\/p><p>Freitag\u00a0\u00a0\u00a0\u00a0\u00a0\u00a0\u00a0\u00a0\u00a0\u00a0\u00a0\u00a0\u00a0\u00a0\u00a0\u00a0\u00a0\u00a0\u00a0\u00a0\u00a0\u00a0\u00a0\u00a0\u00a0 \u00a0 9.00 bis 11.30 Uhr<br \/>\u00a0\u00a0\u00a0\u00a0\u00a0\u00a0\u00a0\u00a0\u00a0\u00a0\u00a0\u00a0\u00a0\u00a0\u00a0\u00a0\u00a0\u00a0\u00a0\u00a0\u00a0\u00a0\u00a0\u00a0\u00a0\u00a0\u00a0\u00a0\u00a0\u00a0\u00a0\u00a0\u00a0\u00a0\u00a0\u00a0\u00a0 14.00 bis 18.30 Uhr<\/p><p>Samstag\u00a0\u00a0\u00a0\u00a0\u00a0\u00a0\u00a0\u00a0\u00a0\u00a0\u00a0\u00a0\u00a0\u00a0\u00a0\u00a0\u00a0\u00a0\u00a0\u00a0\u00a0\u00a0\u00a0 9.00 bis 16.00 Uhr<\/p><h4 style=\"text-align: left;\"><span style=\"color: #ff0000;\">\u00a0<\/span><\/h4><h4>W\u00e4hrend den Schulferien meiner Kinder mache ich im Laden auch Ferien.<\/h4><h4>Das H\u00e4rzensfreud bleibt also zu folgenden Zeiten geschlossen:<\/h4><h5><span style=\"color: #ff9900;\">Fr\u00fchlingsferien ab Karfreitag 3.4.-29.4.26<\/span><\/h5><h5>Auffahrt und Br\u00fccke 14.5.-17.5.26<\/h5><h5>Sommerferien 5.7.-9.8.26<\/h5><h5>Herbstferien 12.9.-27.9.26<\/h5><h5>Winterferien 25.12.26-10.1.27<\/h5><h6>Lohnenswerte Events in Huttwil zum kombinieren mit einem Besuch im H\u00e4rzensfreud ;-):<\/h6><h6><span style=\"color: #800080;\">\u00a0<\/span><\/h6><h6>\u00a0<\/h6>\t\t\t\t\t\t\t\t<\/div>\n\t\t\t\t<\/div>\n\t\t\t\t\t<\/div>\n\t\t<\/div>\n\t\t\t\t\t<\/div>\n\t\t<\/section>\n\t\t\t\t<\/div>\n\t\t","protected":false},"excerpt":{"rendered":"<p>Anreise: Mit dem Auto: Von den Autobahnanschl\u00fcssen Kirchberg, Niederbipp, Sursee und Dagmarsellen ist Huttwil mit dem Auto innerhalb von 30 Minuten erreichbar. Die Anreise gibt einen sch\u00f6nen Einblick ins Emmental,&hellip; <a class=\"more-link\" href=\"https:\/\/haerzensfreud.ch\/?page_id=94\"><span class=\"screen-reader-text\">Anreise<\/span> weiterlesen<\/a><\/p>\n","protected":false},"author":1,"featured_media":0,"parent":0,"menu_order":0,"comment_status":"closed","ping_status":"closed","template":"","meta":{"footnotes":""},"class_list":["post-94","page","type-page","status-publish","hentry","entry"],"yoast_head":"<!-- This site is optimized with the Yoast SEO plugin v27.4 - https:\/\/yoast.com\/product\/yoast-seo-wordpress\/ -->\n<title>Anreise &#8211; H\u00e4rzensfreud<\/title>\n<meta name=\"robots\" content=\"index, follow, max-snippet:-1, max-image-preview:large, max-video-preview:-1\" \/>\n<link rel=\"canonical\" href=\"https:\/\/haerzensfreud.ch\/?page_id=94\" \/>\n<meta property=\"og:locale\" content=\"de_DE\" \/>\n<meta property=\"og:type\" content=\"article\" \/>\n<meta property=\"og:title\" content=\"Anreise &#8211; H\u00e4rzensfreud\" \/>\n<meta property=\"og:description\" content=\"Anreise: Mit dem Auto: Von den Autobahnanschl\u00fcssen Kirchberg, Niederbipp, Sursee und Dagmarsellen ist Huttwil mit dem Auto innerhalb von 30 Minuten erreichbar. Die Anreise gibt einen sch\u00f6nen Einblick ins Emmental,&hellip; Anreise weiterlesen\" \/>\n<meta property=\"og:url\" content=\"https:\/\/haerzensfreud.ch\/?page_id=94\" \/>\n<meta property=\"og:site_name\" content=\"H\u00e4rzensfreud\" \/>\n<meta property=\"article:modified_time\" content=\"2026-03-25T13:31:35+00:00\" \/>\n<meta property=\"og:image\" content=\"https:\/\/haerzensfreud.ch\/wp-content\/uploads\/2021\/10\/Header-transp-4.10.21.png\" \/>\n\t<meta property=\"og:image:width\" content=\"551\" \/>\n\t<meta property=\"og:image:height\" content=\"305\" \/>\n\t<meta property=\"og:image:type\" content=\"image\/png\" \/>\n<meta name=\"twitter:card\" content=\"summary_large_image\" \/>\n<meta name=\"twitter:label1\" content=\"Gesch\u00e4tzte Lesezeit\" \/>\n\t<meta name=\"twitter:data1\" content=\"2\u00a0Minuten\" \/>\n<script type=\"application\/ld+json\" class=\"yoast-schema-graph\">{\"@context\":\"https:\\\/\\\/schema.org\",\"@graph\":[{\"@type\":\"WebPage\",\"@id\":\"https:\\\/\\\/haerzensfreud.ch\\\/?page_id=94\",\"url\":\"https:\\\/\\\/haerzensfreud.ch\\\/?page_id=94\",\"name\":\"Anreise &#8211; H\u00e4rzensfreud\",\"isPartOf\":{\"@id\":\"https:\\\/\\\/haerzensfreud.ch\\\/#website\"},\"primaryImageOfPage\":{\"@id\":\"https:\\\/\\\/haerzensfreud.ch\\\/?page_id=94#primaryimage\"},\"image\":{\"@id\":\"https:\\\/\\\/haerzensfreud.ch\\\/?page_id=94#primaryimage\"},\"thumbnailUrl\":\"https:\\\/\\\/haerzensfreud.ch\\\/wp-content\\\/uploads\\\/2021\\\/10\\\/Header-transp-4.10.21.png\",\"datePublished\":\"2021-09-06T14:44:13+00:00\",\"dateModified\":\"2026-03-25T13:31:35+00:00\",\"breadcrumb\":{\"@id\":\"https:\\\/\\\/haerzensfreud.ch\\\/?page_id=94#breadcrumb\"},\"inLanguage\":\"de\",\"potentialAction\":[{\"@type\":\"ReadAction\",\"target\":[\"https:\\\/\\\/haerzensfreud.ch\\\/?page_id=94\"]}]},{\"@type\":\"ImageObject\",\"inLanguage\":\"de\",\"@id\":\"https:\\\/\\\/haerzensfreud.ch\\\/?page_id=94#primaryimage\",\"url\":\"https:\\\/\\\/haerzensfreud.ch\\\/wp-content\\\/uploads\\\/2021\\\/10\\\/Header-transp-4.10.21.png\",\"contentUrl\":\"https:\\\/\\\/haerzensfreud.ch\\\/wp-content\\\/uploads\\\/2021\\\/10\\\/Header-transp-4.10.21.png\",\"width\":551,\"height\":305},{\"@type\":\"BreadcrumbList\",\"@id\":\"https:\\\/\\\/haerzensfreud.ch\\\/?page_id=94#breadcrumb\",\"itemListElement\":[{\"@type\":\"ListItem\",\"position\":1,\"name\":\"Startseite\",\"item\":\"https:\\\/\\\/haerzensfreud.ch\\\/\"},{\"@type\":\"ListItem\",\"position\":2,\"name\":\"Anreise\"}]},{\"@type\":\"WebSite\",\"@id\":\"https:\\\/\\\/haerzensfreud.ch\\\/#website\",\"url\":\"https:\\\/\\\/haerzensfreud.ch\\\/\",\"name\":\"H\u00e4rzensfreud\",\"description\":\"s\u00e4uber gmacht\",\"publisher\":{\"@id\":\"https:\\\/\\\/haerzensfreud.ch\\\/#organization\"},\"potentialAction\":[{\"@type\":\"SearchAction\",\"target\":{\"@type\":\"EntryPoint\",\"urlTemplate\":\"https:\\\/\\\/haerzensfreud.ch\\\/?s={search_term_string}\"},\"query-input\":{\"@type\":\"PropertyValueSpecification\",\"valueRequired\":true,\"valueName\":\"search_term_string\"}}],\"inLanguage\":\"de\"},{\"@type\":\"Organization\",\"@id\":\"https:\\\/\\\/haerzensfreud.ch\\\/#organization\",\"name\":\"H\u00e4rzensfreud\",\"url\":\"https:\\\/\\\/haerzensfreud.ch\\\/\",\"logo\":{\"@type\":\"ImageObject\",\"inLanguage\":\"de\",\"@id\":\"https:\\\/\\\/haerzensfreud.ch\\\/#\\\/schema\\\/logo\\\/image\\\/\",\"url\":\"https:\\\/\\\/haerzensfreud.ch\\\/wp-content\\\/uploads\\\/2021\\\/10\\\/cropped-Wasserzeichen-Logo-mit-saeuber-gmacht-23.10.21.png\",\"contentUrl\":\"https:\\\/\\\/haerzensfreud.ch\\\/wp-content\\\/uploads\\\/2021\\\/10\\\/cropped-Wasserzeichen-Logo-mit-saeuber-gmacht-23.10.21.png\",\"width\":86,\"height\":50,\"caption\":\"H\u00e4rzensfreud\"},\"image\":{\"@id\":\"https:\\\/\\\/haerzensfreud.ch\\\/#\\\/schema\\\/logo\\\/image\\\/\"}}]}<\/script>\n<!-- \/ Yoast SEO plugin. -->","yoast_head_json":{"title":"Anreise &#8211; H\u00e4rzensfreud","robots":{"index":"index","follow":"follow","max-snippet":"max-snippet:-1","max-image-preview":"max-image-preview:large","max-video-preview":"max-video-preview:-1"},"canonical":"https:\/\/haerzensfreud.ch\/?page_id=94","og_locale":"de_DE","og_type":"article","og_title":"Anreise &#8211; H\u00e4rzensfreud","og_description":"Anreise: Mit dem Auto: Von den Autobahnanschl\u00fcssen Kirchberg, Niederbipp, Sursee und Dagmarsellen ist Huttwil mit dem Auto innerhalb von 30 Minuten erreichbar. Die Anreise gibt einen sch\u00f6nen Einblick ins Emmental,&hellip; Anreise weiterlesen","og_url":"https:\/\/haerzensfreud.ch\/?page_id=94","og_site_name":"H\u00e4rzensfreud","article_modified_time":"2026-03-25T13:31:35+00:00","og_image":[{"width":551,"height":305,"url":"https:\/\/haerzensfreud.ch\/wp-content\/uploads\/2021\/10\/Header-transp-4.10.21.png","type":"image\/png"}],"twitter_card":"summary_large_image","twitter_misc":{"Gesch\u00e4tzte Lesezeit":"2\u00a0Minuten"},"schema":{"@context":"https:\/\/schema.org","@graph":[{"@type":"WebPage","@id":"https:\/\/haerzensfreud.ch\/?page_id=94","url":"https:\/\/haerzensfreud.ch\/?page_id=94","name":"Anreise &#8211; H\u00e4rzensfreud","isPartOf":{"@id":"https:\/\/haerzensfreud.ch\/#website"},"primaryImageOfPage":{"@id":"https:\/\/haerzensfreud.ch\/?page_id=94#primaryimage"},"image":{"@id":"https:\/\/haerzensfreud.ch\/?page_id=94#primaryimage"},"thumbnailUrl":"https:\/\/haerzensfreud.ch\/wp-content\/uploads\/2021\/10\/Header-transp-4.10.21.png","datePublished":"2021-09-06T14:44:13+00:00","dateModified":"2026-03-25T13:31:35+00:00","breadcrumb":{"@id":"https:\/\/haerzensfreud.ch\/?page_id=94#breadcrumb"},"inLanguage":"de","potentialAction":[{"@type":"ReadAction","target":["https:\/\/haerzensfreud.ch\/?page_id=94"]}]},{"@type":"ImageObject","inLanguage":"de","@id":"https:\/\/haerzensfreud.ch\/?page_id=94#primaryimage","url":"https:\/\/haerzensfreud.ch\/wp-content\/uploads\/2021\/10\/Header-transp-4.10.21.png","contentUrl":"https:\/\/haerzensfreud.ch\/wp-content\/uploads\/2021\/10\/Header-transp-4.10.21.png","width":551,"height":305},{"@type":"BreadcrumbList","@id":"https:\/\/haerzensfreud.ch\/?page_id=94#breadcrumb","itemListElement":[{"@type":"ListItem","position":1,"name":"Startseite","item":"https:\/\/haerzensfreud.ch\/"},{"@type":"ListItem","position":2,"name":"Anreise"}]},{"@type":"WebSite","@id":"https:\/\/haerzensfreud.ch\/#website","url":"https:\/\/haerzensfreud.ch\/","name":"H\u00e4rzensfreud","description":"s\u00e4uber gmacht","publisher":{"@id":"https:\/\/haerzensfreud.ch\/#organization"},"potentialAction":[{"@type":"SearchAction","target":{"@type":"EntryPoint","urlTemplate":"https:\/\/haerzensfreud.ch\/?s={search_term_string}"},"query-input":{"@type":"PropertyValueSpecification","valueRequired":true,"valueName":"search_term_string"}}],"inLanguage":"de"},{"@type":"Organization","@id":"https:\/\/haerzensfreud.ch\/#organization","name":"H\u00e4rzensfreud","url":"https:\/\/haerzensfreud.ch\/","logo":{"@type":"ImageObject","inLanguage":"de","@id":"https:\/\/haerzensfreud.ch\/#\/schema\/logo\/image\/","url":"https:\/\/haerzensfreud.ch\/wp-content\/uploads\/2021\/10\/cropped-Wasserzeichen-Logo-mit-saeuber-gmacht-23.10.21.png","contentUrl":"https:\/\/haerzensfreud.ch\/wp-content\/uploads\/2021\/10\/cropped-Wasserzeichen-Logo-mit-saeuber-gmacht-23.10.21.png","width":86,"height":50,"caption":"H\u00e4rzensfreud"},"image":{"@id":"https:\/\/haerzensfreud.ch\/#\/schema\/logo\/image\/"}}]}},"_links":{"self":[{"href":"https:\/\/haerzensfreud.ch\/index.php?rest_route=\/wp\/v2\/pages\/94","targetHints":{"allow":["GET"]}}],"collection":[{"href":"https:\/\/haerzensfreud.ch\/index.php?rest_route=\/wp\/v2\/pages"}],"about":[{"href":"https:\/\/haerzensfreud.ch\/index.php?rest_route=\/wp\/v2\/types\/page"}],"author":[{"embeddable":true,"href":"https:\/\/haerzensfreud.ch\/index.php?rest_route=\/wp\/v2\/users\/1"}],"replies":[{"embeddable":true,"href":"https:\/\/haerzensfreud.ch\/index.php?rest_route=%2Fwp%2Fv2%2Fcomments&post=94"}],"version-history":[{"count":307,"href":"https:\/\/haerzensfreud.ch\/index.php?rest_route=\/wp\/v2\/pages\/94\/revisions"}],"predecessor-version":[{"id":3996,"href":"https:\/\/haerzensfreud.ch\/index.php?rest_route=\/wp\/v2\/pages\/94\/revisions\/3996"}],"wp:attachment":[{"href":"https:\/\/haerzensfreud.ch\/index.php?rest_route=%2Fwp%2Fv2%2Fmedia&parent=94"}],"curies":[{"name":"wp","href":"https:\/\/api.w.org\/{rel}","templated":true}]}}