{"id":60,"date":"2021-09-06T14:18:16","date_gmt":"2021-09-06T14:18:16","guid":{"rendered":"https:\/\/haerzensfreud.ch\/?page_id=60"},"modified":"2023-10-15T13:10:04","modified_gmt":"2023-10-15T13:10:04","slug":"ueber-mich","status":"publish","type":"page","link":"https:\/\/haerzensfreud.ch\/?page_id=60","title":{"rendered":"\u00dcber mich"},"content":{"rendered":"\t\t<div data-elementor-type=\"wp-page\" data-elementor-id=\"60\" class=\"elementor elementor-60\">\n\t\t\t\t\t\t<section class=\"elementor-section elementor-top-section elementor-element elementor-element-6c9669c elementor-section-boxed elementor-section-height-default elementor-section-height-default\" data-id=\"6c9669c\" data-element_type=\"section\" data-e-type=\"section\">\n\t\t\t\t\t\t<div class=\"elementor-container elementor-column-gap-default\">\n\t\t\t\t\t<div class=\"elementor-column elementor-col-100 elementor-top-column elementor-element elementor-element-91fbc9c\" data-id=\"91fbc9c\" data-element_type=\"column\" data-e-type=\"column\">\n\t\t\t<div class=\"elementor-widget-wrap\">\n\t\t\t\t\t\t\t<\/div>\n\t\t<\/div>\n\t\t\t\t\t<\/div>\n\t\t<\/section>\n\t\t\t\t<section class=\"elementor-section elementor-top-section elementor-element elementor-element-9cd36e0 elementor-section-boxed elementor-section-height-default elementor-section-height-default\" data-id=\"9cd36e0\" data-element_type=\"section\" data-e-type=\"section\">\n\t\t\t\t\t\t<div class=\"elementor-container elementor-column-gap-default\">\n\t\t\t\t\t<div class=\"elementor-column elementor-col-100 elementor-top-column elementor-element elementor-element-7b1736c\" data-id=\"7b1736c\" data-element_type=\"column\" data-e-type=\"column\">\n\t\t\t<div class=\"elementor-widget-wrap elementor-element-populated\">\n\t\t\t\t\t\t<div class=\"elementor-element elementor-element-88f3ecc elementor-widget elementor-widget-image\" data-id=\"88f3ecc\" data-element_type=\"widget\" data-e-type=\"widget\" data-widget_type=\"image.default\">\n\t\t\t\t<div class=\"elementor-widget-container\">\n\t\t\t\t\t\t\t\t\t\t\t\t\t\t\t<img decoding=\"async\" src=\"https:\/\/haerzensfreud.ch\/wp-content\/uploads\/elementor\/thumbs\/IMG_2706-scaled-pezsqfpeajcn8yyyzcgxkgujkp53c7esry5i03vd6w.jpg\" title=\"IMG_2706\" alt=\"IMG_2706\" loading=\"lazy\" \/>\t\t\t\t\t\t\t\t\t\t\t\t\t\t\t<\/div>\n\t\t\t\t<\/div>\n\t\t\t\t<div class=\"elementor-element elementor-element-dc468f2 elementor-widget elementor-widget-text-editor\" data-id=\"dc468f2\" data-element_type=\"widget\" data-e-type=\"widget\" data-widget_type=\"text-editor.default\">\n\t\t\t\t<div class=\"elementor-widget-container\">\n\t\t\t\t\t\t\t\t\t<p>Mein Name ist Rahel Sch\u00fctz-Stamm und ich bin gr\u00f6sstenteils in Huttwil aufgewachsen.<\/p><p>Zusammen mit meinem Mann, unseren 2 Jungs und unseren 2 Katzen lebe ich in einem Haus auf dem idyllischen Lande.<\/p><p>Schon immer hat mich das &#8222;Kreative Werkeln&#8220; fasziniert, weshalb ich mich auch einst f\u00fcr den Beruf der B\u00e4cker-Konditorin entschieden habe.<\/p><p>Inzwischen ist dieser Beruf nur noch ein Hobby und mein Hobby das &#8222;Kreative Werkeln&#8220;, wurde zum Beruf.<\/p><p>Leidenschaftlich kreiere ich mit viel Liebe zum Detail immer wieder neue Werke und lasse so meiner Kreativit\u00e4t freien Lauf.<\/p><p>Bereits seit 2010 arbeite ich auch als freischaffende Kreativ-Beraterin f\u00fcr das Unternehmen GONIS. GONIS verf\u00fcgt \u00fcber fantastische Kreativ-Produkte in einer super Qualit\u00e4t, welche ich f\u00fcr alle meine Produktionen gerne benutze.<\/p><p>Es erf\u00fcllt mich mit Freude und macht mir Spass andere Menschen f\u00fcr das Kreative zu begeistern. Ich finde \u00abkreativ sein\u00bb entspannend und Balsam f\u00fcr meine Seele.<\/p><p>Darum entschied ich mich im 2020, meinen langgehegten Traum eines eigenen Ateliers mit Verkaufsladen in die Tat umzusetzen:<br \/>Am 13.November 2021 habe ich meinen Geschenk- und Deko Laden &#8222;H\u00c4RZENSFREUD&#8220; er\u00f6ffnet!<br \/>Ich freue mich riesig \u00fcber diesen Schritt!<br \/>Weiterhin bin ich auch als Kreativ-Beraterin in meinem Atelier und bei GONIS t\u00e4tig.<\/p><p>Nun widme ich mich also mit viel Liebe den Geschenken und den Dekoartikeln f\u00fcr meinen Laden und freue mich auf DICH!<\/p>\t\t\t\t\t\t\t\t<\/div>\n\t\t\t\t<\/div>\n\t\t\t\t\t<\/div>\n\t\t<\/div>\n\t\t\t\t\t<\/div>\n\t\t<\/section>\n\t\t\t\t<section class=\"elementor-section elementor-top-section elementor-element elementor-element-0949d89 elementor-section-boxed elementor-section-height-default elementor-section-height-default\" data-id=\"0949d89\" data-element_type=\"section\" data-e-type=\"section\">\n\t\t\t\t\t\t<div class=\"elementor-container elementor-column-gap-default\">\n\t\t\t\t\t<div class=\"elementor-column elementor-col-100 elementor-top-column elementor-element elementor-element-aa953b3\" data-id=\"aa953b3\" data-element_type=\"column\" data-e-type=\"column\">\n\t\t\t<div class=\"elementor-widget-wrap elementor-element-populated\">\n\t\t\t\t\t\t<div class=\"elementor-element elementor-element-16679f7 elementor-align-center elementor-widget elementor-widget-button\" data-id=\"16679f7\" data-element_type=\"widget\" data-e-type=\"widget\" data-widget_type=\"button.default\">\n\t\t\t\t<div class=\"elementor-widget-container\">\n\t\t\t\t\t\t\t\t\t<div class=\"elementor-button-wrapper\">\n\t\t\t\t\t<a class=\"elementor-button elementor-button-link elementor-size-sm\" href=\"https:\/\/gonis.de\/beraterin-finden\/beraterinnen-seite\/?no_cache=1&#038;beraterin=2611&#038;bn=1136777\" target=\"_blank\">\n\t\t\t\t\t\t<span class=\"elementor-button-content-wrapper\">\n\t\t\t\t\t\t\t\t\t<span class=\"elementor-button-text\">GONIS<\/span>\n\t\t\t\t\t<\/span>\n\t\t\t\t\t<\/a>\n\t\t\t\t<\/div>\n\t\t\t\t\t\t\t\t<\/div>\n\t\t\t\t<\/div>\n\t\t\t\t\t<\/div>\n\t\t<\/div>\n\t\t\t\t\t<\/div>\n\t\t<\/section>\n\t\t\t\t<\/div>\n\t\t","protected":false},"excerpt":{"rendered":"<p>Mein Name ist Rahel Sch\u00fctz-Stamm und ich bin gr\u00f6sstenteils in Huttwil aufgewachsen. Zusammen mit meinem Mann, unseren 2 Jungs und unseren 2 Katzen lebe ich in einem Haus auf dem&hellip; <a class=\"more-link\" href=\"https:\/\/haerzensfreud.ch\/?page_id=60\"><span class=\"screen-reader-text\">\u00dcber mich<\/span> weiterlesen<\/a><\/p>\n","protected":false},"author":1,"featured_media":0,"parent":0,"menu_order":0,"comment_status":"closed","ping_status":"closed","template":"","meta":{"footnotes":""},"class_list":["post-60","page","type-page","status-publish","hentry","entry"],"yoast_head":"<!-- This site is optimized with the Yoast SEO plugin v27.4 - https:\/\/yoast.com\/product\/yoast-seo-wordpress\/ -->\n<title>\u00dcber mich &#8211; H\u00e4rzensfreud<\/title>\n<meta name=\"robots\" content=\"index, follow, max-snippet:-1, max-image-preview:large, max-video-preview:-1\" \/>\n<link rel=\"canonical\" href=\"https:\/\/haerzensfreud.ch\/?page_id=60\" \/>\n<meta property=\"og:locale\" content=\"de_DE\" \/>\n<meta property=\"og:type\" content=\"article\" \/>\n<meta property=\"og:title\" content=\"\u00dcber mich &#8211; H\u00e4rzensfreud\" \/>\n<meta property=\"og:description\" content=\"Mein Name ist Rahel Sch\u00fctz-Stamm und ich bin gr\u00f6sstenteils in Huttwil aufgewachsen. Zusammen mit meinem Mann, unseren 2 Jungs und unseren 2 Katzen lebe ich in einem Haus auf dem&hellip; \u00dcber mich weiterlesen\" \/>\n<meta property=\"og:url\" content=\"https:\/\/haerzensfreud.ch\/?page_id=60\" \/>\n<meta property=\"og:site_name\" content=\"H\u00e4rzensfreud\" \/>\n<meta property=\"article:modified_time\" content=\"2023-10-15T13:10:04+00:00\" \/>\n<meta property=\"og:image\" content=\"https:\/\/haerzensfreud.ch\/wp-content\/uploads\/elementor\/thumbs\/IMG_2706-scaled-pezsqfpeajcn8yyyzcgxkgujkp53c7esry5i03vd6w.jpg\" \/>\n<meta name=\"twitter:card\" content=\"summary_large_image\" \/>\n<meta name=\"twitter:label1\" content=\"Gesch\u00e4tzte Lesezeit\" \/>\n\t<meta name=\"twitter:data1\" content=\"2\u00a0Minuten\" \/>\n<script type=\"application\/ld+json\" class=\"yoast-schema-graph\">{\"@context\":\"https:\\\/\\\/schema.org\",\"@graph\":[{\"@type\":\"WebPage\",\"@id\":\"https:\\\/\\\/haerzensfreud.ch\\\/?page_id=60\",\"url\":\"https:\\\/\\\/haerzensfreud.ch\\\/?page_id=60\",\"name\":\"\u00dcber mich &#8211; H\u00e4rzensfreud\",\"isPartOf\":{\"@id\":\"https:\\\/\\\/haerzensfreud.ch\\\/#website\"},\"primaryImageOfPage\":{\"@id\":\"https:\\\/\\\/haerzensfreud.ch\\\/?page_id=60#primaryimage\"},\"image\":{\"@id\":\"https:\\\/\\\/haerzensfreud.ch\\\/?page_id=60#primaryimage\"},\"thumbnailUrl\":\"https:\\\/\\\/haerzensfreud.ch\\\/wp-content\\\/uploads\\\/elementor\\\/thumbs\\\/IMG_2706-scaled-pezsqfpeajcn8yyyzcgxkgujkp53c7esry5i03vd6w.jpg\",\"datePublished\":\"2021-09-06T14:18:16+00:00\",\"dateModified\":\"2023-10-15T13:10:04+00:00\",\"breadcrumb\":{\"@id\":\"https:\\\/\\\/haerzensfreud.ch\\\/?page_id=60#breadcrumb\"},\"inLanguage\":\"de\",\"potentialAction\":[{\"@type\":\"ReadAction\",\"target\":[\"https:\\\/\\\/haerzensfreud.ch\\\/?page_id=60\"]}]},{\"@type\":\"ImageObject\",\"inLanguage\":\"de\",\"@id\":\"https:\\\/\\\/haerzensfreud.ch\\\/?page_id=60#primaryimage\",\"url\":\"https:\\\/\\\/haerzensfreud.ch\\\/wp-content\\\/uploads\\\/elementor\\\/thumbs\\\/IMG_2706-scaled-pezsqfpeajcn8yyyzcgxkgujkp53c7esry5i03vd6w.jpg\",\"contentUrl\":\"https:\\\/\\\/haerzensfreud.ch\\\/wp-content\\\/uploads\\\/elementor\\\/thumbs\\\/IMG_2706-scaled-pezsqfpeajcn8yyyzcgxkgujkp53c7esry5i03vd6w.jpg\"},{\"@type\":\"BreadcrumbList\",\"@id\":\"https:\\\/\\\/haerzensfreud.ch\\\/?page_id=60#breadcrumb\",\"itemListElement\":[{\"@type\":\"ListItem\",\"position\":1,\"name\":\"Startseite\",\"item\":\"https:\\\/\\\/haerzensfreud.ch\\\/\"},{\"@type\":\"ListItem\",\"position\":2,\"name\":\"\u00dcber mich\"}]},{\"@type\":\"WebSite\",\"@id\":\"https:\\\/\\\/haerzensfreud.ch\\\/#website\",\"url\":\"https:\\\/\\\/haerzensfreud.ch\\\/\",\"name\":\"H\u00e4rzensfreud\",\"description\":\"s\u00e4uber gmacht\",\"publisher\":{\"@id\":\"https:\\\/\\\/haerzensfreud.ch\\\/#organization\"},\"potentialAction\":[{\"@type\":\"SearchAction\",\"target\":{\"@type\":\"EntryPoint\",\"urlTemplate\":\"https:\\\/\\\/haerzensfreud.ch\\\/?s={search_term_string}\"},\"query-input\":{\"@type\":\"PropertyValueSpecification\",\"valueRequired\":true,\"valueName\":\"search_term_string\"}}],\"inLanguage\":\"de\"},{\"@type\":\"Organization\",\"@id\":\"https:\\\/\\\/haerzensfreud.ch\\\/#organization\",\"name\":\"H\u00e4rzensfreud\",\"url\":\"https:\\\/\\\/haerzensfreud.ch\\\/\",\"logo\":{\"@type\":\"ImageObject\",\"inLanguage\":\"de\",\"@id\":\"https:\\\/\\\/haerzensfreud.ch\\\/#\\\/schema\\\/logo\\\/image\\\/\",\"url\":\"https:\\\/\\\/haerzensfreud.ch\\\/wp-content\\\/uploads\\\/2021\\\/10\\\/cropped-Wasserzeichen-Logo-mit-saeuber-gmacht-23.10.21.png\",\"contentUrl\":\"https:\\\/\\\/haerzensfreud.ch\\\/wp-content\\\/uploads\\\/2021\\\/10\\\/cropped-Wasserzeichen-Logo-mit-saeuber-gmacht-23.10.21.png\",\"width\":86,\"height\":50,\"caption\":\"H\u00e4rzensfreud\"},\"image\":{\"@id\":\"https:\\\/\\\/haerzensfreud.ch\\\/#\\\/schema\\\/logo\\\/image\\\/\"}}]}<\/script>\n<!-- \/ Yoast SEO plugin. -->","yoast_head_json":{"title":"\u00dcber mich &#8211; H\u00e4rzensfreud","robots":{"index":"index","follow":"follow","max-snippet":"max-snippet:-1","max-image-preview":"max-image-preview:large","max-video-preview":"max-video-preview:-1"},"canonical":"https:\/\/haerzensfreud.ch\/?page_id=60","og_locale":"de_DE","og_type":"article","og_title":"\u00dcber mich &#8211; H\u00e4rzensfreud","og_description":"Mein Name ist Rahel Sch\u00fctz-Stamm und ich bin gr\u00f6sstenteils in Huttwil aufgewachsen. Zusammen mit meinem Mann, unseren 2 Jungs und unseren 2 Katzen lebe ich in einem Haus auf dem&hellip; \u00dcber mich weiterlesen","og_url":"https:\/\/haerzensfreud.ch\/?page_id=60","og_site_name":"H\u00e4rzensfreud","article_modified_time":"2023-10-15T13:10:04+00:00","og_image":[{"url":"https:\/\/haerzensfreud.ch\/wp-content\/uploads\/elementor\/thumbs\/IMG_2706-scaled-pezsqfpeajcn8yyyzcgxkgujkp53c7esry5i03vd6w.jpg","type":"","width":"","height":""}],"twitter_card":"summary_large_image","twitter_misc":{"Gesch\u00e4tzte Lesezeit":"2\u00a0Minuten"},"schema":{"@context":"https:\/\/schema.org","@graph":[{"@type":"WebPage","@id":"https:\/\/haerzensfreud.ch\/?page_id=60","url":"https:\/\/haerzensfreud.ch\/?page_id=60","name":"\u00dcber mich &#8211; H\u00e4rzensfreud","isPartOf":{"@id":"https:\/\/haerzensfreud.ch\/#website"},"primaryImageOfPage":{"@id":"https:\/\/haerzensfreud.ch\/?page_id=60#primaryimage"},"image":{"@id":"https:\/\/haerzensfreud.ch\/?page_id=60#primaryimage"},"thumbnailUrl":"https:\/\/haerzensfreud.ch\/wp-content\/uploads\/elementor\/thumbs\/IMG_2706-scaled-pezsqfpeajcn8yyyzcgxkgujkp53c7esry5i03vd6w.jpg","datePublished":"2021-09-06T14:18:16+00:00","dateModified":"2023-10-15T13:10:04+00:00","breadcrumb":{"@id":"https:\/\/haerzensfreud.ch\/?page_id=60#breadcrumb"},"inLanguage":"de","potentialAction":[{"@type":"ReadAction","target":["https:\/\/haerzensfreud.ch\/?page_id=60"]}]},{"@type":"ImageObject","inLanguage":"de","@id":"https:\/\/haerzensfreud.ch\/?page_id=60#primaryimage","url":"https:\/\/haerzensfreud.ch\/wp-content\/uploads\/elementor\/thumbs\/IMG_2706-scaled-pezsqfpeajcn8yyyzcgxkgujkp53c7esry5i03vd6w.jpg","contentUrl":"https:\/\/haerzensfreud.ch\/wp-content\/uploads\/elementor\/thumbs\/IMG_2706-scaled-pezsqfpeajcn8yyyzcgxkgujkp53c7esry5i03vd6w.jpg"},{"@type":"BreadcrumbList","@id":"https:\/\/haerzensfreud.ch\/?page_id=60#breadcrumb","itemListElement":[{"@type":"ListItem","position":1,"name":"Startseite","item":"https:\/\/haerzensfreud.ch\/"},{"@type":"ListItem","position":2,"name":"\u00dcber mich"}]},{"@type":"WebSite","@id":"https:\/\/haerzensfreud.ch\/#website","url":"https:\/\/haerzensfreud.ch\/","name":"H\u00e4rzensfreud","description":"s\u00e4uber gmacht","publisher":{"@id":"https:\/\/haerzensfreud.ch\/#organization"},"potentialAction":[{"@type":"SearchAction","target":{"@type":"EntryPoint","urlTemplate":"https:\/\/haerzensfreud.ch\/?s={search_term_string}"},"query-input":{"@type":"PropertyValueSpecification","valueRequired":true,"valueName":"search_term_string"}}],"inLanguage":"de"},{"@type":"Organization","@id":"https:\/\/haerzensfreud.ch\/#organization","name":"H\u00e4rzensfreud","url":"https:\/\/haerzensfreud.ch\/","logo":{"@type":"ImageObject","inLanguage":"de","@id":"https:\/\/haerzensfreud.ch\/#\/schema\/logo\/image\/","url":"https:\/\/haerzensfreud.ch\/wp-content\/uploads\/2021\/10\/cropped-Wasserzeichen-Logo-mit-saeuber-gmacht-23.10.21.png","contentUrl":"https:\/\/haerzensfreud.ch\/wp-content\/uploads\/2021\/10\/cropped-Wasserzeichen-Logo-mit-saeuber-gmacht-23.10.21.png","width":86,"height":50,"caption":"H\u00e4rzensfreud"},"image":{"@id":"https:\/\/haerzensfreud.ch\/#\/schema\/logo\/image\/"}}]}},"_links":{"self":[{"href":"https:\/\/haerzensfreud.ch\/index.php?rest_route=\/wp\/v2\/pages\/60","targetHints":{"allow":["GET"]}}],"collection":[{"href":"https:\/\/haerzensfreud.ch\/index.php?rest_route=\/wp\/v2\/pages"}],"about":[{"href":"https:\/\/haerzensfreud.ch\/index.php?rest_route=\/wp\/v2\/types\/page"}],"author":[{"embeddable":true,"href":"https:\/\/haerzensfreud.ch\/index.php?rest_route=\/wp\/v2\/users\/1"}],"replies":[{"embeddable":true,"href":"https:\/\/haerzensfreud.ch\/index.php?rest_route=%2Fwp%2Fv2%2Fcomments&post=60"}],"version-history":[{"count":67,"href":"https:\/\/haerzensfreud.ch\/index.php?rest_route=\/wp\/v2\/pages\/60\/revisions"}],"predecessor-version":[{"id":1743,"href":"https:\/\/haerzensfreud.ch\/index.php?rest_route=\/wp\/v2\/pages\/60\/revisions\/1743"}],"wp:attachment":[{"href":"https:\/\/haerzensfreud.ch\/index.php?rest_route=%2Fwp%2Fv2%2Fmedia&parent=60"}],"curies":[{"name":"wp","href":"https:\/\/api.w.org\/{rel}","templated":true}]}}