{"id":546,"date":"2021-10-03T14:20:47","date_gmt":"2021-10-03T14:20:47","guid":{"rendered":"https:\/\/haerzensfreud.ch\/?page_id=546"},"modified":"2024-02-11T17:02:36","modified_gmt":"2024-02-11T17:02:36","slug":"elementor-546","status":"publish","type":"page","link":"https:\/\/haerzensfreud.ch\/?page_id=546","title":{"rendered":"AGB&#8217;s Kurse"},"content":{"rendered":"\t\t<div data-elementor-type=\"wp-page\" data-elementor-id=\"546\" class=\"elementor elementor-546\">\n\t\t\t\t\t\t<section class=\"elementor-section elementor-top-section elementor-element elementor-element-91bab37 elementor-section-boxed elementor-section-height-default elementor-section-height-default\" data-id=\"91bab37\" data-element_type=\"section\" data-e-type=\"section\">\n\t\t\t\t\t\t<div class=\"elementor-container elementor-column-gap-default\">\n\t\t\t\t\t<div class=\"elementor-column elementor-col-100 elementor-top-column elementor-element elementor-element-d5ab800\" data-id=\"d5ab800\" data-element_type=\"column\" data-e-type=\"column\">\n\t\t\t<div class=\"elementor-widget-wrap elementor-element-populated\">\n\t\t\t\t\t\t<div class=\"elementor-element elementor-element-7b9c072 elementor-widget elementor-widget-text-editor\" data-id=\"7b9c072\" data-element_type=\"widget\" data-e-type=\"widget\" data-widget_type=\"text-editor.default\">\n\t\t\t\t<div class=\"elementor-widget-container\">\n\t\t\t\t\t\t\t\t\t<p><strong>AGB\u2019S zu den Kursen<\/strong><\/p><ol><li><strong>Jede Kursanmeldung ist verbindlich und verpflichtet zur Zahlung des Kursgeldes. Eine Nichteinzahlung des Kursgeldes nach erfolgter Anmeldung hebt die Kursanmeldung nicht auf.<\/strong><\/li><li><strong>Meine Techniken, welche ich an den Kursen\u00a0und Workshops weitergebe, sind\u00a0f\u00fcr den Eigengebrauch der KursteilnehmerInnen und nicht f\u00fcr den Verkauf des entsprechenden Produktes oder zur Erteilung von eigenen Kursen bestimmt!<\/strong><\/li><li>Die Kursanmeldungen erfolgen \u00fcber das jeweilige Anmeldeformular auf der WebSite oder mit allen Angaben schriftlich per E-mail.<\/li><li>Nach Deiner\u00a0Anmeldung erh\u00e4ltst Du eine Anmeldebest\u00e4tigung und gleichzeitig eine Rechnung, welche innerhalb von 10 Tagen zu begleichen ist. Erst mit\u00a0der Zahlung gilt der Kursplatz von der Seite vom Atelier H\u00e4rzensfreud als definitiv reserviert. Falls das Kursgeld innert dieser Frist nicht bezahlt wird, kann der Kursplatz ohne eine Mahnung weiter vergeben werden.<\/li><li>Bei Kursanmeldungen weniger als 10 Tage vor Kursbeginn ist die Rechnung sofort zur Zahlung f\u00e4llig.<\/li><li>Eine Abmeldung aus einem Kurs (oder die Nichteinzahlung der Kursgeb\u00fchr) ist immer mit administrativem Aufwand verbunden. Bei Abmeldungen bis eine Woche vor Kursbeginn liegt es in meinem Ermessen, das Kursgeld zur\u00fcckzuerstatten, wobei mindestens eine Bearbeitungsgeb\u00fchr von CHF 20.\u2013 in Abzug gebracht\u00a0wird. Erfolgt eine Abmeldung weniger als eine Woche vor Kursbeginn, verbleibt\u00a0das gesamte Kursgeld beim Atelier H\u00e4rzensfreud und wird nicht mehr zur\u00fcckerstattet.\u00a0Du kannst auch eine\/n Ersatzteilnehmer\/in f\u00fcr den Kursplatz suchen.<\/li><li>Bei Nichterscheinen am Kurstag (auch infolge Krankheit) verf\u00e4llt das bereits bezahlte Kursgeld und verbleibt im Eigentum vom Atelier H\u00e4rzensfreud. Es werden keine Nachholtage angeboten.<\/li><li>Falls ein Kurs infolge ungen\u00fcgender Teilnehmerzahl nicht stattfindet, melde ich dies sp\u00e4testens 5 Tage vorher.\u00a0Du kannst dann entscheiden, ob\u00a0Du Dein\u00a0Geld zur\u00fcckerstattet haben m\u00f6chtest, oder ob Du an einem anderen Kurs teilnehmen m\u00f6chtest.<\/li><li>Trage zu den Kursen Kleider, die auch schmutzig werden d\u00fcrfen (Farbspritzer).\u00a0<\/li><li>F\u00fcr alle vom Atelier H\u00e4rzensfreud organisierten Kurse und Veranstaltungen schliesse\u00a0ich\u00a0jegliche Haftung f\u00fcr entstandene Sch\u00e4den aus. Die Versicherung ist Sache der Teilnehmer\/innen. Das Benutzen der Anlagen vom Atelier H\u00e4rzensfreud erfolgt auf eigene Gefahr. F\u00fcr Diebstahl und Verlust von Gegenst\u00e4nden kann das Atelier H\u00e4rzensfreud nicht haftbar gemacht werden.<\/li><\/ol><p>Stand\u00a001. August 2021<\/p>\t\t\t\t\t\t\t\t<\/div>\n\t\t\t\t<\/div>\n\t\t\t\t\t<\/div>\n\t\t<\/div>\n\t\t\t\t\t<\/div>\n\t\t<\/section>\n\t\t\t\t<\/div>\n\t\t","protected":false},"excerpt":{"rendered":"<p>AGB\u2019S zu den Kursen Jede Kursanmeldung ist verbindlich und verpflichtet zur Zahlung des Kursgeldes. Eine Nichteinzahlung des Kursgeldes nach erfolgter Anmeldung hebt die Kursanmeldung nicht auf. Meine Techniken, welche ich&hellip; <a class=\"more-link\" href=\"https:\/\/haerzensfreud.ch\/?page_id=546\"><span class=\"screen-reader-text\">AGB&#8217;s Kurse<\/span> weiterlesen<\/a><\/p>\n","protected":false},"author":1,"featured_media":0,"parent":0,"menu_order":0,"comment_status":"closed","ping_status":"closed","template":"","meta":{"footnotes":""},"class_list":["post-546","page","type-page","status-publish","hentry","entry"],"yoast_head":"<!-- This site is optimized with the Yoast SEO plugin v27.4 - https:\/\/yoast.com\/product\/yoast-seo-wordpress\/ -->\n<title>AGB&#039;s Kurse &#8211; H\u00e4rzensfreud<\/title>\n<meta name=\"robots\" content=\"index, follow, max-snippet:-1, max-image-preview:large, max-video-preview:-1\" \/>\n<link rel=\"canonical\" href=\"https:\/\/haerzensfreud.ch\/?page_id=546\" \/>\n<meta property=\"og:locale\" content=\"de_DE\" \/>\n<meta property=\"og:type\" content=\"article\" \/>\n<meta property=\"og:title\" content=\"AGB&#039;s Kurse &#8211; H\u00e4rzensfreud\" \/>\n<meta property=\"og:description\" content=\"AGB\u2019S zu den Kursen Jede Kursanmeldung ist verbindlich und verpflichtet zur Zahlung des Kursgeldes. Eine Nichteinzahlung des Kursgeldes nach erfolgter Anmeldung hebt die Kursanmeldung nicht auf. Meine Techniken, welche ich&hellip; AGB&#8217;s Kurse weiterlesen\" \/>\n<meta property=\"og:url\" content=\"https:\/\/haerzensfreud.ch\/?page_id=546\" \/>\n<meta property=\"og:site_name\" content=\"H\u00e4rzensfreud\" \/>\n<meta property=\"article:modified_time\" content=\"2024-02-11T17:02:36+00:00\" \/>\n<meta name=\"twitter:card\" content=\"summary_large_image\" \/>\n<meta name=\"twitter:label1\" content=\"Gesch\u00e4tzte Lesezeit\" \/>\n\t<meta name=\"twitter:data1\" content=\"2\u00a0Minuten\" \/>\n<script type=\"application\/ld+json\" class=\"yoast-schema-graph\">{\"@context\":\"https:\\\/\\\/schema.org\",\"@graph\":[{\"@type\":\"WebPage\",\"@id\":\"https:\\\/\\\/haerzensfreud.ch\\\/?page_id=546\",\"url\":\"https:\\\/\\\/haerzensfreud.ch\\\/?page_id=546\",\"name\":\"AGB's Kurse &#8211; H\u00e4rzensfreud\",\"isPartOf\":{\"@id\":\"https:\\\/\\\/haerzensfreud.ch\\\/#website\"},\"datePublished\":\"2021-10-03T14:20:47+00:00\",\"dateModified\":\"2024-02-11T17:02:36+00:00\",\"breadcrumb\":{\"@id\":\"https:\\\/\\\/haerzensfreud.ch\\\/?page_id=546#breadcrumb\"},\"inLanguage\":\"de\",\"potentialAction\":[{\"@type\":\"ReadAction\",\"target\":[\"https:\\\/\\\/haerzensfreud.ch\\\/?page_id=546\"]}]},{\"@type\":\"BreadcrumbList\",\"@id\":\"https:\\\/\\\/haerzensfreud.ch\\\/?page_id=546#breadcrumb\",\"itemListElement\":[{\"@type\":\"ListItem\",\"position\":1,\"name\":\"Startseite\",\"item\":\"https:\\\/\\\/haerzensfreud.ch\\\/\"},{\"@type\":\"ListItem\",\"position\":2,\"name\":\"AGB&#8217;s Kurse\"}]},{\"@type\":\"WebSite\",\"@id\":\"https:\\\/\\\/haerzensfreud.ch\\\/#website\",\"url\":\"https:\\\/\\\/haerzensfreud.ch\\\/\",\"name\":\"H\u00e4rzensfreud\",\"description\":\"s\u00e4uber gmacht\",\"publisher\":{\"@id\":\"https:\\\/\\\/haerzensfreud.ch\\\/#organization\"},\"potentialAction\":[{\"@type\":\"SearchAction\",\"target\":{\"@type\":\"EntryPoint\",\"urlTemplate\":\"https:\\\/\\\/haerzensfreud.ch\\\/?s={search_term_string}\"},\"query-input\":{\"@type\":\"PropertyValueSpecification\",\"valueRequired\":true,\"valueName\":\"search_term_string\"}}],\"inLanguage\":\"de\"},{\"@type\":\"Organization\",\"@id\":\"https:\\\/\\\/haerzensfreud.ch\\\/#organization\",\"name\":\"H\u00e4rzensfreud\",\"url\":\"https:\\\/\\\/haerzensfreud.ch\\\/\",\"logo\":{\"@type\":\"ImageObject\",\"inLanguage\":\"de\",\"@id\":\"https:\\\/\\\/haerzensfreud.ch\\\/#\\\/schema\\\/logo\\\/image\\\/\",\"url\":\"https:\\\/\\\/haerzensfreud.ch\\\/wp-content\\\/uploads\\\/2021\\\/10\\\/cropped-Wasserzeichen-Logo-mit-saeuber-gmacht-23.10.21.png\",\"contentUrl\":\"https:\\\/\\\/haerzensfreud.ch\\\/wp-content\\\/uploads\\\/2021\\\/10\\\/cropped-Wasserzeichen-Logo-mit-saeuber-gmacht-23.10.21.png\",\"width\":86,\"height\":50,\"caption\":\"H\u00e4rzensfreud\"},\"image\":{\"@id\":\"https:\\\/\\\/haerzensfreud.ch\\\/#\\\/schema\\\/logo\\\/image\\\/\"}}]}<\/script>\n<!-- \/ Yoast SEO plugin. -->","yoast_head_json":{"title":"AGB's Kurse &#8211; H\u00e4rzensfreud","robots":{"index":"index","follow":"follow","max-snippet":"max-snippet:-1","max-image-preview":"max-image-preview:large","max-video-preview":"max-video-preview:-1"},"canonical":"https:\/\/haerzensfreud.ch\/?page_id=546","og_locale":"de_DE","og_type":"article","og_title":"AGB's Kurse &#8211; H\u00e4rzensfreud","og_description":"AGB\u2019S zu den Kursen Jede Kursanmeldung ist verbindlich und verpflichtet zur Zahlung des Kursgeldes. Eine Nichteinzahlung des Kursgeldes nach erfolgter Anmeldung hebt die Kursanmeldung nicht auf. Meine Techniken, welche ich&hellip; AGB&#8217;s Kurse weiterlesen","og_url":"https:\/\/haerzensfreud.ch\/?page_id=546","og_site_name":"H\u00e4rzensfreud","article_modified_time":"2024-02-11T17:02:36+00:00","twitter_card":"summary_large_image","twitter_misc":{"Gesch\u00e4tzte Lesezeit":"2\u00a0Minuten"},"schema":{"@context":"https:\/\/schema.org","@graph":[{"@type":"WebPage","@id":"https:\/\/haerzensfreud.ch\/?page_id=546","url":"https:\/\/haerzensfreud.ch\/?page_id=546","name":"AGB's Kurse &#8211; H\u00e4rzensfreud","isPartOf":{"@id":"https:\/\/haerzensfreud.ch\/#website"},"datePublished":"2021-10-03T14:20:47+00:00","dateModified":"2024-02-11T17:02:36+00:00","breadcrumb":{"@id":"https:\/\/haerzensfreud.ch\/?page_id=546#breadcrumb"},"inLanguage":"de","potentialAction":[{"@type":"ReadAction","target":["https:\/\/haerzensfreud.ch\/?page_id=546"]}]},{"@type":"BreadcrumbList","@id":"https:\/\/haerzensfreud.ch\/?page_id=546#breadcrumb","itemListElement":[{"@type":"ListItem","position":1,"name":"Startseite","item":"https:\/\/haerzensfreud.ch\/"},{"@type":"ListItem","position":2,"name":"AGB&#8217;s Kurse"}]},{"@type":"WebSite","@id":"https:\/\/haerzensfreud.ch\/#website","url":"https:\/\/haerzensfreud.ch\/","name":"H\u00e4rzensfreud","description":"s\u00e4uber gmacht","publisher":{"@id":"https:\/\/haerzensfreud.ch\/#organization"},"potentialAction":[{"@type":"SearchAction","target":{"@type":"EntryPoint","urlTemplate":"https:\/\/haerzensfreud.ch\/?s={search_term_string}"},"query-input":{"@type":"PropertyValueSpecification","valueRequired":true,"valueName":"search_term_string"}}],"inLanguage":"de"},{"@type":"Organization","@id":"https:\/\/haerzensfreud.ch\/#organization","name":"H\u00e4rzensfreud","url":"https:\/\/haerzensfreud.ch\/","logo":{"@type":"ImageObject","inLanguage":"de","@id":"https:\/\/haerzensfreud.ch\/#\/schema\/logo\/image\/","url":"https:\/\/haerzensfreud.ch\/wp-content\/uploads\/2021\/10\/cropped-Wasserzeichen-Logo-mit-saeuber-gmacht-23.10.21.png","contentUrl":"https:\/\/haerzensfreud.ch\/wp-content\/uploads\/2021\/10\/cropped-Wasserzeichen-Logo-mit-saeuber-gmacht-23.10.21.png","width":86,"height":50,"caption":"H\u00e4rzensfreud"},"image":{"@id":"https:\/\/haerzensfreud.ch\/#\/schema\/logo\/image\/"}}]}},"_links":{"self":[{"href":"https:\/\/haerzensfreud.ch\/index.php?rest_route=\/wp\/v2\/pages\/546","targetHints":{"allow":["GET"]}}],"collection":[{"href":"https:\/\/haerzensfreud.ch\/index.php?rest_route=\/wp\/v2\/pages"}],"about":[{"href":"https:\/\/haerzensfreud.ch\/index.php?rest_route=\/wp\/v2\/types\/page"}],"author":[{"embeddable":true,"href":"https:\/\/haerzensfreud.ch\/index.php?rest_route=\/wp\/v2\/users\/1"}],"replies":[{"embeddable":true,"href":"https:\/\/haerzensfreud.ch\/index.php?rest_route=%2Fwp%2Fv2%2Fcomments&post=546"}],"version-history":[{"count":8,"href":"https:\/\/haerzensfreud.ch\/index.php?rest_route=\/wp\/v2\/pages\/546\/revisions"}],"predecessor-version":[{"id":1942,"href":"https:\/\/haerzensfreud.ch\/index.php?rest_route=\/wp\/v2\/pages\/546\/revisions\/1942"}],"wp:attachment":[{"href":"https:\/\/haerzensfreud.ch\/index.php?rest_route=%2Fwp%2Fv2%2Fmedia&parent=546"}],"curies":[{"name":"wp","href":"https:\/\/api.w.org\/{rel}","templated":true}]}}