{"id":265,"date":"2021-09-06T18:59:39","date_gmt":"2021-09-06T18:59:39","guid":{"rendered":"https:\/\/haerzensfreud.ch\/?page_id=265"},"modified":"2021-11-26T18:23:50","modified_gmt":"2021-11-26T18:23:50","slug":"fotos","status":"publish","type":"page","link":"https:\/\/haerzensfreud.ch\/?page_id=265","title":{"rendered":"Entstehung Laden"},"content":{"rendered":"\t\t<div data-elementor-type=\"wp-page\" data-elementor-id=\"265\" class=\"elementor elementor-265\">\n\t\t\t\t\t\t<section class=\"elementor-section elementor-top-section elementor-element elementor-element-dfeebbc elementor-section-boxed elementor-section-height-default elementor-section-height-default\" data-id=\"dfeebbc\" data-element_type=\"section\" data-e-type=\"section\">\n\t\t\t\t\t\t<div class=\"elementor-container elementor-column-gap-default\">\n\t\t\t\t\t<div class=\"elementor-column elementor-col-100 elementor-top-column elementor-element elementor-element-c0c1f3c\" data-id=\"c0c1f3c\" data-element_type=\"column\" data-e-type=\"column\">\n\t\t\t<div class=\"elementor-widget-wrap elementor-element-populated\">\n\t\t\t\t\t\t<div class=\"elementor-element elementor-element-071d06a elementor-arrows-position-inside elementor-widget elementor-widget-image-carousel\" data-id=\"071d06a\" data-element_type=\"widget\" data-e-type=\"widget\" data-settings=\"{&quot;slides_to_show&quot;:&quot;1&quot;,&quot;navigation&quot;:&quot;arrows&quot;,&quot;autoplay&quot;:&quot;yes&quot;,&quot;pause_on_hover&quot;:&quot;yes&quot;,&quot;pause_on_interaction&quot;:&quot;yes&quot;,&quot;autoplay_speed&quot;:5000,&quot;infinite&quot;:&quot;yes&quot;,&quot;effect&quot;:&quot;slide&quot;,&quot;speed&quot;:500}\" data-widget_type=\"image-carousel.default\">\n\t\t\t\t<div class=\"elementor-widget-container\">\n\t\t\t\t\t\t\t<div class=\"elementor-image-carousel-wrapper swiper\" role=\"region\" aria-roledescription=\"carousel\" aria-label=\"Bild Karussell\" dir=\"ltr\">\n\t\t\t<div class=\"elementor-image-carousel swiper-wrapper\" aria-live=\"off\">\n\t\t\t\t\t\t\t\t<div class=\"swiper-slide\" role=\"group\" aria-roledescription=\"slide\" aria-label=\"1 von 14\"><a data-elementor-open-lightbox=\"yes\" data-elementor-lightbox-slideshow=\"071d06a\" data-elementor-lightbox-title=\"IMG_20210321_121323\" data-e-action-hash=\"#elementor-action%3Aaction%3Dlightbox%26settings%3DeyJpZCI6NTkwLCJ1cmwiOiJodHRwczpcL1wvaGFlcnplbnNmcmV1ZC5jaFwvd3AtY29udGVudFwvdXBsb2Fkc1wvMjAyMVwvMTBcL0lNR18yMDIxMDMyMV8xMjEzMjMtc2NhbGVkLmpwZyIsInNsaWRlc2hvdyI6IjA3MWQwNmEifQ%3D%3D\" href=\"https:\/\/haerzensfreud.ch\/wp-content\/uploads\/2021\/10\/IMG_20210321_121323-scaled.jpg\"><figure class=\"swiper-slide-inner\"><img decoding=\"async\" class=\"swiper-slide-image\" src=\"https:\/\/haerzensfreud.ch\/wp-content\/uploads\/2021\/10\/IMG_20210321_121323-300x225.jpg\" alt=\"Der M\u00fchleraum mit neuem Boden\" \/><figcaption class=\"elementor-image-carousel-caption\">Der M\u00fchleraum mit neuem Boden<\/figcaption><\/figure><\/a><\/div><div class=\"swiper-slide\" role=\"group\" aria-roledescription=\"slide\" aria-label=\"2 von 14\"><a data-elementor-open-lightbox=\"yes\" data-elementor-lightbox-slideshow=\"071d06a\" data-elementor-lightbox-title=\"IMG_20210321_121347\" data-e-action-hash=\"#elementor-action%3Aaction%3Dlightbox%26settings%3DeyJpZCI6NTkxLCJ1cmwiOiJodHRwczpcL1wvaGFlcnplbnNmcmV1ZC5jaFwvd3AtY29udGVudFwvdXBsb2Fkc1wvMjAyMVwvMTBcL0lNR18yMDIxMDMyMV8xMjEzNDctc2NhbGVkLmpwZyIsInNsaWRlc2hvdyI6IjA3MWQwNmEifQ%3D%3D\" href=\"https:\/\/haerzensfreud.ch\/wp-content\/uploads\/2021\/10\/IMG_20210321_121347-scaled.jpg\"><figure class=\"swiper-slide-inner\"><img decoding=\"async\" class=\"swiper-slide-image\" src=\"https:\/\/haerzensfreud.ch\/wp-content\/uploads\/2021\/10\/IMG_20210321_121347-300x225.jpg\" alt=\"...das ist die Laden und Atelier Fl\u00e4che\" \/><figcaption class=\"elementor-image-carousel-caption\">...das ist die Laden und Atelier Fl\u00e4che<\/figcaption><\/figure><\/a><\/div><div class=\"swiper-slide\" role=\"group\" aria-roledescription=\"slide\" aria-label=\"3 von 14\"><a data-elementor-open-lightbox=\"yes\" data-elementor-lightbox-slideshow=\"071d06a\" data-elementor-lightbox-title=\"IMG_20210319_120903\" data-e-action-hash=\"#elementor-action%3Aaction%3Dlightbox%26settings%3DeyJpZCI6NTg5LCJ1cmwiOiJodHRwczpcL1wvaGFlcnplbnNmcmV1ZC5jaFwvd3AtY29udGVudFwvdXBsb2Fkc1wvMjAyMVwvMTBcL0lNR18yMDIxMDMxOV8xMjA5MDMtc2NhbGVkLmpwZyIsInNsaWRlc2hvdyI6IjA3MWQwNmEifQ%3D%3D\" href=\"https:\/\/haerzensfreud.ch\/wp-content\/uploads\/2021\/10\/IMG_20210319_120903-scaled.jpg\"><figure class=\"swiper-slide-inner\"><img decoding=\"async\" class=\"swiper-slide-image\" src=\"https:\/\/haerzensfreud.ch\/wp-content\/uploads\/2021\/10\/IMG_20210319_120903-225x300.jpg\" alt=\"Alles wurde frisch gestrichen...\" \/><figcaption class=\"elementor-image-carousel-caption\">Alles wurde frisch gestrichen...<\/figcaption><\/figure><\/a><\/div><div class=\"swiper-slide\" role=\"group\" aria-roledescription=\"slide\" aria-label=\"4 von 14\"><a data-elementor-open-lightbox=\"yes\" data-elementor-lightbox-slideshow=\"071d06a\" data-elementor-lightbox-title=\"IMG_20210327_103957\" data-e-action-hash=\"#elementor-action%3Aaction%3Dlightbox%26settings%3DeyJpZCI6NTkyLCJ1cmwiOiJodHRwczpcL1wvaGFlcnplbnNmcmV1ZC5jaFwvd3AtY29udGVudFwvdXBsb2Fkc1wvMjAyMVwvMTBcL0lNR18yMDIxMDMyN18xMDM5NTctc2NhbGVkLmpwZyIsInNsaWRlc2hvdyI6IjA3MWQwNmEifQ%3D%3D\" href=\"https:\/\/haerzensfreud.ch\/wp-content\/uploads\/2021\/10\/IMG_20210327_103957-scaled.jpg\"><figure class=\"swiper-slide-inner\"><img decoding=\"async\" class=\"swiper-slide-image\" src=\"https:\/\/haerzensfreud.ch\/wp-content\/uploads\/2021\/10\/IMG_20210327_103957-300x225.jpg\" alt=\"Die Zwischenw\u00e4nde sind entstanden....\" \/><figcaption class=\"elementor-image-carousel-caption\">Die Zwischenw\u00e4nde sind entstanden....<\/figcaption><\/figure><\/a><\/div><div class=\"swiper-slide\" role=\"group\" aria-roledescription=\"slide\" aria-label=\"5 von 14\"><a data-elementor-open-lightbox=\"yes\" data-elementor-lightbox-slideshow=\"071d06a\" data-elementor-lightbox-title=\"IMG_20210414_172309\" data-e-action-hash=\"#elementor-action%3Aaction%3Dlightbox%26settings%3DeyJpZCI6NTkzLCJ1cmwiOiJodHRwczpcL1wvaGFlcnplbnNmcmV1ZC5jaFwvd3AtY29udGVudFwvdXBsb2Fkc1wvMjAyMVwvMTBcL0lNR18yMDIxMDQxNF8xNzIzMDktc2NhbGVkLmpwZyIsInNsaWRlc2hvdyI6IjA3MWQwNmEifQ%3D%3D\" href=\"https:\/\/haerzensfreud.ch\/wp-content\/uploads\/2021\/10\/IMG_20210414_172309-scaled.jpg\"><figure class=\"swiper-slide-inner\"><img decoding=\"async\" class=\"swiper-slide-image\" src=\"https:\/\/haerzensfreud.ch\/wp-content\/uploads\/2021\/10\/IMG_20210414_172309-225x300.jpg\" alt=\"Der Laden-Eingang wurde geputzt und gefegt...\" \/><figcaption class=\"elementor-image-carousel-caption\">Der Laden-Eingang wurde geputzt und gefegt...<\/figcaption><\/figure><\/a><\/div><div class=\"swiper-slide\" role=\"group\" aria-roledescription=\"slide\" aria-label=\"6 von 14\"><a data-elementor-open-lightbox=\"yes\" data-elementor-lightbox-slideshow=\"071d06a\" data-elementor-lightbox-title=\"IMG_20210521_154825\" data-e-action-hash=\"#elementor-action%3Aaction%3Dlightbox%26settings%3DeyJpZCI6NTk1LCJ1cmwiOiJodHRwczpcL1wvaGFlcnplbnNmcmV1ZC5jaFwvd3AtY29udGVudFwvdXBsb2Fkc1wvMjAyMVwvMTBcL0lNR18yMDIxMDUyMV8xNTQ4MjUtc2NhbGVkLmpwZyIsInNsaWRlc2hvdyI6IjA3MWQwNmEifQ%3D%3D\" href=\"https:\/\/haerzensfreud.ch\/wp-content\/uploads\/2021\/10\/IMG_20210521_154825-scaled.jpg\"><figure class=\"swiper-slide-inner\"><img decoding=\"async\" class=\"swiper-slide-image\" src=\"https:\/\/haerzensfreud.ch\/wp-content\/uploads\/2021\/10\/IMG_20210521_154825-300x225.jpg\" alt=\"M\u00f6bel werden geschrubbt und geputzt...\" \/><figcaption class=\"elementor-image-carousel-caption\">M\u00f6bel werden geschrubbt und geputzt...<\/figcaption><\/figure><\/a><\/div><div class=\"swiper-slide\" role=\"group\" aria-roledescription=\"slide\" aria-label=\"7 von 14\"><a data-elementor-open-lightbox=\"yes\" data-elementor-lightbox-slideshow=\"071d06a\" data-elementor-lightbox-title=\"IMG_20210519_000525\" data-e-action-hash=\"#elementor-action%3Aaction%3Dlightbox%26settings%3DeyJpZCI6NTk0LCJ1cmwiOiJodHRwczpcL1wvaGFlcnplbnNmcmV1ZC5jaFwvd3AtY29udGVudFwvdXBsb2Fkc1wvMjAyMVwvMTBcL0lNR18yMDIxMDUxOV8wMDA1MjUtc2NhbGVkLmpwZyIsInNsaWRlc2hvdyI6IjA3MWQwNmEifQ%3D%3D\" href=\"https:\/\/haerzensfreud.ch\/wp-content\/uploads\/2021\/10\/IMG_20210519_000525-scaled.jpg\"><figure class=\"swiper-slide-inner\"><img decoding=\"async\" class=\"swiper-slide-image\" src=\"https:\/\/haerzensfreud.ch\/wp-content\/uploads\/2021\/10\/IMG_20210519_000525-300x225.jpg\" alt=\"...auch die viiiielen Schubladen dazu!!\" \/><figcaption class=\"elementor-image-carousel-caption\">...auch die viiiielen Schubladen dazu!!<\/figcaption><\/figure><\/a><\/div><div class=\"swiper-slide\" role=\"group\" aria-roledescription=\"slide\" aria-label=\"8 von 14\"><a data-elementor-open-lightbox=\"yes\" data-elementor-lightbox-slideshow=\"071d06a\" data-elementor-lightbox-title=\"IMG_20210527_102713\" data-e-action-hash=\"#elementor-action%3Aaction%3Dlightbox%26settings%3DeyJpZCI6NTk2LCJ1cmwiOiJodHRwczpcL1wvaGFlcnplbnNmcmV1ZC5jaFwvd3AtY29udGVudFwvdXBsb2Fkc1wvMjAyMVwvMTBcL0lNR18yMDIxMDUyN18xMDI3MTMtc2NhbGVkLmpwZyIsInNsaWRlc2hvdyI6IjA3MWQwNmEifQ%3D%3D\" href=\"https:\/\/haerzensfreud.ch\/wp-content\/uploads\/2021\/10\/IMG_20210527_102713-scaled.jpg\"><figure class=\"swiper-slide-inner\"><img decoding=\"async\" class=\"swiper-slide-image\" src=\"https:\/\/haerzensfreud.ch\/wp-content\/uploads\/2021\/10\/IMG_20210527_102713-225x300.jpg\" alt=\"Dann gestrichen, poliert...\" \/><figcaption class=\"elementor-image-carousel-caption\">Dann gestrichen, poliert...<\/figcaption><\/figure><\/a><\/div><div class=\"swiper-slide\" role=\"group\" aria-roledescription=\"slide\" aria-label=\"9 von 14\"><a data-elementor-open-lightbox=\"yes\" data-elementor-lightbox-slideshow=\"071d06a\" data-elementor-lightbox-title=\"IMG_20210622_163352\" data-e-action-hash=\"#elementor-action%3Aaction%3Dlightbox%26settings%3DeyJpZCI6NTk4LCJ1cmwiOiJodHRwczpcL1wvaGFlcnplbnNmcmV1ZC5jaFwvd3AtY29udGVudFwvdXBsb2Fkc1wvMjAyMVwvMTBcL0lNR18yMDIxMDYyMl8xNjMzNTItc2NhbGVkLmpwZyIsInNsaWRlc2hvdyI6IjA3MWQwNmEifQ%3D%3D\" href=\"https:\/\/haerzensfreud.ch\/wp-content\/uploads\/2021\/10\/IMG_20210622_163352-scaled.jpg\"><figure class=\"swiper-slide-inner\"><img decoding=\"async\" class=\"swiper-slide-image\" src=\"https:\/\/haerzensfreud.ch\/wp-content\/uploads\/2021\/10\/IMG_20210622_163352-300x225.jpg\" alt=\"Juhuuu, das Atelier ist bezugsbereit :-)!\" \/><figcaption class=\"elementor-image-carousel-caption\">Juhuuu, das Atelier ist bezugsbereit :-)!<\/figcaption><\/figure><\/a><\/div><div class=\"swiper-slide\" role=\"group\" aria-roledescription=\"slide\" aria-label=\"10 von 14\"><a data-elementor-open-lightbox=\"yes\" data-elementor-lightbox-slideshow=\"071d06a\" data-elementor-lightbox-title=\"IMG_20210227_171733\" data-e-action-hash=\"#elementor-action%3Aaction%3Dlightbox%26settings%3DeyJpZCI6NTg4LCJ1cmwiOiJodHRwczpcL1wvaGFlcnplbnNmcmV1ZC5jaFwvd3AtY29udGVudFwvdXBsb2Fkc1wvMjAyMVwvMTBcL0lNR18yMDIxMDIyN18xNzE3MzMtc2NhbGVkLmpwZyIsInNsaWRlc2hvdyI6IjA3MWQwNmEifQ%3D%3D\" href=\"https:\/\/haerzensfreud.ch\/wp-content\/uploads\/2021\/10\/IMG_20210227_171733-scaled.jpg\"><figure class=\"swiper-slide-inner\"><img decoding=\"async\" class=\"swiper-slide-image\" src=\"https:\/\/haerzensfreud.ch\/wp-content\/uploads\/2021\/10\/IMG_20210227_171733-300x225.jpg\" alt=\"Ideen werden in Pl\u00e4ne umgesetzt...\" \/><figcaption class=\"elementor-image-carousel-caption\">Ideen werden in Pl\u00e4ne umgesetzt...<\/figcaption><\/figure><\/a><\/div><div class=\"swiper-slide\" role=\"group\" aria-roledescription=\"slide\" aria-label=\"11 von 14\"><a data-elementor-open-lightbox=\"yes\" data-elementor-lightbox-slideshow=\"071d06a\" data-elementor-lightbox-title=\"IMG_20210111_072734\" data-e-action-hash=\"#elementor-action%3Aaction%3Dlightbox%26settings%3DeyJpZCI6NzY5LCJ1cmwiOiJodHRwczpcL1wvaGFlcnplbnNmcmV1ZC5jaFwvd3AtY29udGVudFwvdXBsb2Fkc1wvMjAyMVwvMTBcL0lNR18yMDIxMDExMV8wNzI3MzQtc2NhbGVkLmpwZyIsInNsaWRlc2hvdyI6IjA3MWQwNmEifQ%3D%3D\" href=\"https:\/\/haerzensfreud.ch\/wp-content\/uploads\/2021\/10\/IMG_20210111_072734-scaled.jpg\"><figure class=\"swiper-slide-inner\"><img decoding=\"async\" class=\"swiper-slide-image\" src=\"https:\/\/haerzensfreud.ch\/wp-content\/uploads\/2021\/10\/IMG_20210111_072734-225x300.jpg\" alt=\"M\u00f6bel als Ladeninterieur werden geschliffen...\" \/><figcaption class=\"elementor-image-carousel-caption\">M\u00f6bel als Ladeninterieur werden geschliffen...<\/figcaption><\/figure><\/a><\/div><div class=\"swiper-slide\" role=\"group\" aria-roledescription=\"slide\" aria-label=\"12 von 14\"><a data-elementor-open-lightbox=\"yes\" data-elementor-lightbox-slideshow=\"071d06a\" data-elementor-lightbox-title=\"IMG_20210111_102221\" data-e-action-hash=\"#elementor-action%3Aaction%3Dlightbox%26settings%3DeyJpZCI6NzcwLCJ1cmwiOiJodHRwczpcL1wvaGFlcnplbnNmcmV1ZC5jaFwvd3AtY29udGVudFwvdXBsb2Fkc1wvMjAyMVwvMTBcL0lNR18yMDIxMDExMV8xMDIyMjEtc2NhbGVkLmpwZyIsInNsaWRlc2hvdyI6IjA3MWQwNmEifQ%3D%3D\" href=\"https:\/\/haerzensfreud.ch\/wp-content\/uploads\/2021\/10\/IMG_20210111_102221-scaled.jpg\"><figure class=\"swiper-slide-inner\"><img decoding=\"async\" class=\"swiper-slide-image\" src=\"https:\/\/haerzensfreud.ch\/wp-content\/uploads\/2021\/10\/IMG_20210111_102221-225x300.jpg\" alt=\"...und gestrichen.\" \/><figcaption class=\"elementor-image-carousel-caption\">...und gestrichen.<\/figcaption><\/figure><\/a><\/div><div class=\"swiper-slide\" role=\"group\" aria-roledescription=\"slide\" aria-label=\"13 von 14\"><a data-elementor-open-lightbox=\"yes\" data-elementor-lightbox-slideshow=\"071d06a\" data-elementor-lightbox-title=\"IMG_20210930_115835\" data-e-action-hash=\"#elementor-action%3Aaction%3Dlightbox%26settings%3DeyJpZCI6ODY4LCJ1cmwiOiJodHRwczpcL1wvaGFlcnplbnNmcmV1ZC5jaFwvd3AtY29udGVudFwvdXBsb2Fkc1wvMjAyMVwvMTFcL0lNR18yMDIxMDkzMF8xMTU4MzUtMS1zY2FsZWQuanBnIiwic2xpZGVzaG93IjoiMDcxZDA2YSJ9\" href=\"https:\/\/haerzensfreud.ch\/wp-content\/uploads\/2021\/11\/IMG_20210930_115835-1-scaled.jpg\"><figure class=\"swiper-slide-inner\"><img decoding=\"async\" class=\"swiper-slide-image\" src=\"https:\/\/haerzensfreud.ch\/wp-content\/uploads\/2021\/11\/IMG_20210930_115835-1-300x225.jpg\" alt=\"Hier werden die Einzelteile der Ladentheke gestrichen.\" \/><figcaption class=\"elementor-image-carousel-caption\">Hier werden die Einzelteile der Ladentheke gestrichen.<\/figcaption><\/figure><\/a><\/div><div class=\"swiper-slide\" role=\"group\" aria-roledescription=\"slide\" aria-label=\"14 von 14\"><a data-elementor-open-lightbox=\"yes\" data-elementor-lightbox-slideshow=\"071d06a\" data-elementor-lightbox-title=\"IMG_20210528_141139\" data-e-action-hash=\"#elementor-action%3Aaction%3Dlightbox%26settings%3DeyJpZCI6NTk3LCJ1cmwiOiJodHRwczpcL1wvaGFlcnplbnNmcmV1ZC5jaFwvd3AtY29udGVudFwvdXBsb2Fkc1wvMjAyMVwvMTBcL0lNR18yMDIxMDUyOF8xNDExMzktc2NhbGVkLmpwZyIsInNsaWRlc2hvdyI6IjA3MWQwNmEifQ%3D%3D\" href=\"https:\/\/haerzensfreud.ch\/wp-content\/uploads\/2021\/10\/IMG_20210528_141139-scaled.jpg\"><figure class=\"swiper-slide-inner\"><img decoding=\"async\" class=\"swiper-slide-image\" src=\"https:\/\/haerzensfreud.ch\/wp-content\/uploads\/2021\/10\/IMG_20210528_141139-300x225.jpg\" alt=\"Auch altes Holz wird geputzt und geb\u00fcrstet f\u00fcr Projekte im Laden...\" \/><figcaption class=\"elementor-image-carousel-caption\">Auch altes Holz wird geputzt und geb\u00fcrstet f\u00fcr Projekte im Laden...<\/figcaption><\/figure><\/a><\/div>\t\t\t<\/div>\n\t\t\t\t\t\t\t\t\t\t\t\t<div class=\"elementor-swiper-button elementor-swiper-button-prev\" role=\"button\" tabindex=\"0\">\n\t\t\t\t\t\t<i aria-hidden=\"true\" class=\"eicon-chevron-left\"><\/i>\t\t\t\t\t<\/div>\n\t\t\t\t\t<div class=\"elementor-swiper-button elementor-swiper-button-next\" role=\"button\" tabindex=\"0\">\n\t\t\t\t\t\t<i aria-hidden=\"true\" class=\"eicon-chevron-right\"><\/i>\t\t\t\t\t<\/div>\n\t\t\t\t\n\t\t\t\t\t\t\t\t\t<\/div>\n\t\t\t\t\t\t<\/div>\n\t\t\t\t<\/div>\n\t\t\t\t\t<\/div>\n\t\t<\/div>\n\t\t\t\t\t<\/div>\n\t\t<\/section>\n\t\t\t\t<\/div>\n\t\t","protected":false},"excerpt":{"rendered":"<p>Der M\u00fchleraum mit neuem Boden &#8230;das ist die Laden und Atelier Fl\u00e4che Alles wurde frisch gestrichen&#8230; Die Zwischenw\u00e4nde sind entstanden&#8230;. Der Laden-Eingang wurde geputzt und gefegt&#8230; M\u00f6bel werden geschrubbt und&hellip; <a class=\"more-link\" href=\"https:\/\/haerzensfreud.ch\/?page_id=265\"><span class=\"screen-reader-text\">Entstehung Laden<\/span> weiterlesen<\/a><\/p>\n","protected":false},"author":1,"featured_media":0,"parent":0,"menu_order":0,"comment_status":"closed","ping_status":"closed","template":"","meta":{"footnotes":""},"class_list":["post-265","page","type-page","status-publish","hentry","entry"],"yoast_head":"<!-- This site is optimized with the Yoast SEO plugin v27.4 - https:\/\/yoast.com\/product\/yoast-seo-wordpress\/ -->\n<title>Entstehung Laden &#8211; H\u00e4rzensfreud<\/title>\n<meta name=\"robots\" content=\"index, follow, max-snippet:-1, max-image-preview:large, max-video-preview:-1\" \/>\n<link rel=\"canonical\" href=\"https:\/\/haerzensfreud.ch\/?page_id=265\" \/>\n<meta property=\"og:locale\" content=\"de_DE\" \/>\n<meta property=\"og:type\" content=\"article\" \/>\n<meta property=\"og:title\" content=\"Entstehung Laden &#8211; H\u00e4rzensfreud\" \/>\n<meta property=\"og:description\" content=\"Der M\u00fchleraum mit neuem Boden &#8230;das ist die Laden und Atelier Fl\u00e4che Alles wurde frisch gestrichen&#8230; Die Zwischenw\u00e4nde sind entstanden&#8230;. Der Laden-Eingang wurde geputzt und gefegt&#8230; M\u00f6bel werden geschrubbt und&hellip; Entstehung Laden weiterlesen\" \/>\n<meta property=\"og:url\" content=\"https:\/\/haerzensfreud.ch\/?page_id=265\" \/>\n<meta property=\"og:site_name\" content=\"H\u00e4rzensfreud\" \/>\n<meta property=\"article:modified_time\" content=\"2021-11-26T18:23:50+00:00\" \/>\n<meta property=\"og:image\" content=\"https:\/\/haerzensfreud.ch\/wp-content\/uploads\/2021\/10\/IMG_20210321_121323-300x225.jpg\" \/>\n<meta name=\"twitter:card\" content=\"summary_large_image\" \/>\n<meta name=\"twitter:label1\" content=\"Gesch\u00e4tzte Lesezeit\" \/>\n\t<meta name=\"twitter:data1\" content=\"4\u00a0Minuten\" \/>\n<script type=\"application\/ld+json\" class=\"yoast-schema-graph\">{\"@context\":\"https:\\\/\\\/schema.org\",\"@graph\":[{\"@type\":\"WebPage\",\"@id\":\"https:\\\/\\\/haerzensfreud.ch\\\/?page_id=265\",\"url\":\"https:\\\/\\\/haerzensfreud.ch\\\/?page_id=265\",\"name\":\"Entstehung Laden &#8211; H\u00e4rzensfreud\",\"isPartOf\":{\"@id\":\"https:\\\/\\\/haerzensfreud.ch\\\/#website\"},\"primaryImageOfPage\":{\"@id\":\"https:\\\/\\\/haerzensfreud.ch\\\/?page_id=265#primaryimage\"},\"image\":{\"@id\":\"https:\\\/\\\/haerzensfreud.ch\\\/?page_id=265#primaryimage\"},\"thumbnailUrl\":\"https:\\\/\\\/haerzensfreud.ch\\\/wp-content\\\/uploads\\\/2021\\\/10\\\/IMG_20210321_121323-300x225.jpg\",\"datePublished\":\"2021-09-06T18:59:39+00:00\",\"dateModified\":\"2021-11-26T18:23:50+00:00\",\"breadcrumb\":{\"@id\":\"https:\\\/\\\/haerzensfreud.ch\\\/?page_id=265#breadcrumb\"},\"inLanguage\":\"de\",\"potentialAction\":[{\"@type\":\"ReadAction\",\"target\":[\"https:\\\/\\\/haerzensfreud.ch\\\/?page_id=265\"]}]},{\"@type\":\"ImageObject\",\"inLanguage\":\"de\",\"@id\":\"https:\\\/\\\/haerzensfreud.ch\\\/?page_id=265#primaryimage\",\"url\":\"https:\\\/\\\/haerzensfreud.ch\\\/wp-content\\\/uploads\\\/2021\\\/10\\\/IMG_20210321_121323-300x225.jpg\",\"contentUrl\":\"https:\\\/\\\/haerzensfreud.ch\\\/wp-content\\\/uploads\\\/2021\\\/10\\\/IMG_20210321_121323-300x225.jpg\"},{\"@type\":\"BreadcrumbList\",\"@id\":\"https:\\\/\\\/haerzensfreud.ch\\\/?page_id=265#breadcrumb\",\"itemListElement\":[{\"@type\":\"ListItem\",\"position\":1,\"name\":\"Startseite\",\"item\":\"https:\\\/\\\/haerzensfreud.ch\\\/\"},{\"@type\":\"ListItem\",\"position\":2,\"name\":\"Entstehung Laden\"}]},{\"@type\":\"WebSite\",\"@id\":\"https:\\\/\\\/haerzensfreud.ch\\\/#website\",\"url\":\"https:\\\/\\\/haerzensfreud.ch\\\/\",\"name\":\"H\u00e4rzensfreud\",\"description\":\"s\u00e4uber gmacht\",\"publisher\":{\"@id\":\"https:\\\/\\\/haerzensfreud.ch\\\/#organization\"},\"potentialAction\":[{\"@type\":\"SearchAction\",\"target\":{\"@type\":\"EntryPoint\",\"urlTemplate\":\"https:\\\/\\\/haerzensfreud.ch\\\/?s={search_term_string}\"},\"query-input\":{\"@type\":\"PropertyValueSpecification\",\"valueRequired\":true,\"valueName\":\"search_term_string\"}}],\"inLanguage\":\"de\"},{\"@type\":\"Organization\",\"@id\":\"https:\\\/\\\/haerzensfreud.ch\\\/#organization\",\"name\":\"H\u00e4rzensfreud\",\"url\":\"https:\\\/\\\/haerzensfreud.ch\\\/\",\"logo\":{\"@type\":\"ImageObject\",\"inLanguage\":\"de\",\"@id\":\"https:\\\/\\\/haerzensfreud.ch\\\/#\\\/schema\\\/logo\\\/image\\\/\",\"url\":\"https:\\\/\\\/haerzensfreud.ch\\\/wp-content\\\/uploads\\\/2021\\\/10\\\/cropped-Wasserzeichen-Logo-mit-saeuber-gmacht-23.10.21.png\",\"contentUrl\":\"https:\\\/\\\/haerzensfreud.ch\\\/wp-content\\\/uploads\\\/2021\\\/10\\\/cropped-Wasserzeichen-Logo-mit-saeuber-gmacht-23.10.21.png\",\"width\":86,\"height\":50,\"caption\":\"H\u00e4rzensfreud\"},\"image\":{\"@id\":\"https:\\\/\\\/haerzensfreud.ch\\\/#\\\/schema\\\/logo\\\/image\\\/\"}}]}<\/script>\n<!-- \/ Yoast SEO plugin. -->","yoast_head_json":{"title":"Entstehung Laden &#8211; H\u00e4rzensfreud","robots":{"index":"index","follow":"follow","max-snippet":"max-snippet:-1","max-image-preview":"max-image-preview:large","max-video-preview":"max-video-preview:-1"},"canonical":"https:\/\/haerzensfreud.ch\/?page_id=265","og_locale":"de_DE","og_type":"article","og_title":"Entstehung Laden &#8211; H\u00e4rzensfreud","og_description":"Der M\u00fchleraum mit neuem Boden &#8230;das ist die Laden und Atelier Fl\u00e4che Alles wurde frisch gestrichen&#8230; Die Zwischenw\u00e4nde sind entstanden&#8230;. Der Laden-Eingang wurde geputzt und gefegt&#8230; M\u00f6bel werden geschrubbt und&hellip; Entstehung Laden weiterlesen","og_url":"https:\/\/haerzensfreud.ch\/?page_id=265","og_site_name":"H\u00e4rzensfreud","article_modified_time":"2021-11-26T18:23:50+00:00","og_image":[{"url":"https:\/\/haerzensfreud.ch\/wp-content\/uploads\/2021\/10\/IMG_20210321_121323-300x225.jpg","type":"","width":"","height":""}],"twitter_card":"summary_large_image","twitter_misc":{"Gesch\u00e4tzte Lesezeit":"4\u00a0Minuten"},"schema":{"@context":"https:\/\/schema.org","@graph":[{"@type":"WebPage","@id":"https:\/\/haerzensfreud.ch\/?page_id=265","url":"https:\/\/haerzensfreud.ch\/?page_id=265","name":"Entstehung Laden &#8211; H\u00e4rzensfreud","isPartOf":{"@id":"https:\/\/haerzensfreud.ch\/#website"},"primaryImageOfPage":{"@id":"https:\/\/haerzensfreud.ch\/?page_id=265#primaryimage"},"image":{"@id":"https:\/\/haerzensfreud.ch\/?page_id=265#primaryimage"},"thumbnailUrl":"https:\/\/haerzensfreud.ch\/wp-content\/uploads\/2021\/10\/IMG_20210321_121323-300x225.jpg","datePublished":"2021-09-06T18:59:39+00:00","dateModified":"2021-11-26T18:23:50+00:00","breadcrumb":{"@id":"https:\/\/haerzensfreud.ch\/?page_id=265#breadcrumb"},"inLanguage":"de","potentialAction":[{"@type":"ReadAction","target":["https:\/\/haerzensfreud.ch\/?page_id=265"]}]},{"@type":"ImageObject","inLanguage":"de","@id":"https:\/\/haerzensfreud.ch\/?page_id=265#primaryimage","url":"https:\/\/haerzensfreud.ch\/wp-content\/uploads\/2021\/10\/IMG_20210321_121323-300x225.jpg","contentUrl":"https:\/\/haerzensfreud.ch\/wp-content\/uploads\/2021\/10\/IMG_20210321_121323-300x225.jpg"},{"@type":"BreadcrumbList","@id":"https:\/\/haerzensfreud.ch\/?page_id=265#breadcrumb","itemListElement":[{"@type":"ListItem","position":1,"name":"Startseite","item":"https:\/\/haerzensfreud.ch\/"},{"@type":"ListItem","position":2,"name":"Entstehung Laden"}]},{"@type":"WebSite","@id":"https:\/\/haerzensfreud.ch\/#website","url":"https:\/\/haerzensfreud.ch\/","name":"H\u00e4rzensfreud","description":"s\u00e4uber gmacht","publisher":{"@id":"https:\/\/haerzensfreud.ch\/#organization"},"potentialAction":[{"@type":"SearchAction","target":{"@type":"EntryPoint","urlTemplate":"https:\/\/haerzensfreud.ch\/?s={search_term_string}"},"query-input":{"@type":"PropertyValueSpecification","valueRequired":true,"valueName":"search_term_string"}}],"inLanguage":"de"},{"@type":"Organization","@id":"https:\/\/haerzensfreud.ch\/#organization","name":"H\u00e4rzensfreud","url":"https:\/\/haerzensfreud.ch\/","logo":{"@type":"ImageObject","inLanguage":"de","@id":"https:\/\/haerzensfreud.ch\/#\/schema\/logo\/image\/","url":"https:\/\/haerzensfreud.ch\/wp-content\/uploads\/2021\/10\/cropped-Wasserzeichen-Logo-mit-saeuber-gmacht-23.10.21.png","contentUrl":"https:\/\/haerzensfreud.ch\/wp-content\/uploads\/2021\/10\/cropped-Wasserzeichen-Logo-mit-saeuber-gmacht-23.10.21.png","width":86,"height":50,"caption":"H\u00e4rzensfreud"},"image":{"@id":"https:\/\/haerzensfreud.ch\/#\/schema\/logo\/image\/"}}]}},"_links":{"self":[{"href":"https:\/\/haerzensfreud.ch\/index.php?rest_route=\/wp\/v2\/pages\/265","targetHints":{"allow":["GET"]}}],"collection":[{"href":"https:\/\/haerzensfreud.ch\/index.php?rest_route=\/wp\/v2\/pages"}],"about":[{"href":"https:\/\/haerzensfreud.ch\/index.php?rest_route=\/wp\/v2\/types\/page"}],"author":[{"embeddable":true,"href":"https:\/\/haerzensfreud.ch\/index.php?rest_route=\/wp\/v2\/users\/1"}],"replies":[{"embeddable":true,"href":"https:\/\/haerzensfreud.ch\/index.php?rest_route=%2Fwp%2Fv2%2Fcomments&post=265"}],"version-history":[{"count":36,"href":"https:\/\/haerzensfreud.ch\/index.php?rest_route=\/wp\/v2\/pages\/265\/revisions"}],"predecessor-version":[{"id":872,"href":"https:\/\/haerzensfreud.ch\/index.php?rest_route=\/wp\/v2\/pages\/265\/revisions\/872"}],"wp:attachment":[{"href":"https:\/\/haerzensfreud.ch\/index.php?rest_route=%2Fwp%2Fv2%2Fmedia&parent=265"}],"curies":[{"name":"wp","href":"https:\/\/api.w.org\/{rel}","templated":true}]}}