{"id":149,"date":"2021-09-06T15:18:00","date_gmt":"2021-09-06T15:18:00","guid":{"rendered":"https:\/\/haerzensfreud.ch\/?page_id=149"},"modified":"2021-09-06T15:19:39","modified_gmt":"2021-09-06T15:19:39","slug":"agb","status":"publish","type":"page","link":"https:\/\/haerzensfreud.ch\/?page_id=149","title":{"rendered":"AGB"},"content":{"rendered":"\t\t<div data-elementor-type=\"wp-page\" data-elementor-id=\"149\" class=\"elementor elementor-149\">\n\t\t\t\t\t\t<section class=\"elementor-section elementor-top-section elementor-element elementor-element-9eb3267 elementor-section-boxed elementor-section-height-default elementor-section-height-default\" data-id=\"9eb3267\" data-element_type=\"section\" data-e-type=\"section\">\n\t\t\t\t\t\t<div class=\"elementor-container elementor-column-gap-default\">\n\t\t\t\t\t<div class=\"elementor-column elementor-col-100 elementor-top-column elementor-element elementor-element-57e9046\" data-id=\"57e9046\" data-element_type=\"column\" data-e-type=\"column\">\n\t\t\t<div class=\"elementor-widget-wrap elementor-element-populated\">\n\t\t\t\t\t\t<div class=\"elementor-element elementor-element-02a2f75 elementor-widget elementor-widget-text-editor\" data-id=\"02a2f75\" data-element_type=\"widget\" data-e-type=\"widget\" data-widget_type=\"text-editor.default\">\n\t\t\t\t<div class=\"elementor-widget-container\">\n\t\t\t\t\t\t\t\t\t<p><strong>AGB <\/strong><\/p><p><strong>Allgemeine Gesch\u00e4ftsbedingungen (AGB) \/ Standard Verkaufs- und Lieferbedingungen<\/strong><\/p><p><strong>Allgemeines<\/strong><\/p><p>F\u00fcr alle Lieferungen und Leistungen gelten unsere AGB\u2019s. Wenn Sie eine Bestellung endg\u00fcltig abgeschickt haben, ist diese verbindlich.<\/p><p><strong>Vertragsabschluss<\/strong><\/p><p>Der Kaufvertrag kommt zustande, sobald der Kunde online eine Bestellung t\u00e4tigt und abschliesst. Die Best\u00e4tigung erfolgt durch ein automatisch generiertes E-Mail mit allen Bestelldaten.<\/p><p><strong>Liefergebiet<\/strong><\/p><p>Lieferungen nur innerhalb der Schweiz.<\/p><p><strong>Lieferzeit<\/strong><\/p><p>Die Lieferungen erfolgen in der Regel innert 5 Arbeitstagen. Sollte ich einen Artikel nicht an Lager verf\u00fcgbar haben, teile ich Ihnen so rasch als m\u00f6glich mit, wann mit der Lieferung zu rechnen ist. Die Lieferung erfolgt auf Gefahr des Empf\u00e4ngers.<\/p><p><strong>Mindestbestellwert<\/strong><\/p><p>Es gibt keinen Mindestbestellwert.<\/p><p><strong>Versandkosten<\/strong><\/p><p>Sie haben die Sicherheit, dass Ihre Artikel zuverl\u00e4ssig und prompt bei Ihnen ankommen. Den Versandkostenanteil von CHF 9.90 bezahlen Sie nur einmal pro Bestellung. Ich versende Ihnen Ihre Artikel portofrei ab einem Bestellwert von CHF 85.00.<\/p><p><strong>Versandpartner<\/strong><\/p><p>Die Lieferungen werden mit der Schweizer Post w\u00e4hrend den normalen Arbeitszeiten, gesendet. Bitte w\u00e4hlen Sie die Versandadresse so, dass jemand das Paket in Empfang nehmen kann.<\/p><p><strong>Preise<\/strong><\/p><p>Alle Preise verstehen sich in Schweizer Franken (CHF), inklusive der gesetzlichen MwSt.<\/p><p><strong>Zahlungskonditionen<\/strong><\/p><p>Man mit Kreditkarten Visa, Mastercard oder Postfinance Card, Postfinance E-Finance, TWINT und per Vorauskasse bezahlen.<\/p><p><strong>Beanstandungen<\/strong><\/p><p>Beanstandungen wegen M\u00e4ngel oder wegen unvollst\u00e4ndiger oder unkorreter Lieferung sind mir unverz\u00fcglich mitzuteilen.<\/p><p><strong>Widerrufsrecht<\/strong><\/p><p>Sie haben das Recht, binnen sieben Tagen ohne Angabe von Gr\u00fcnden diesen Vertrag zu widerrufen.<\/p><p>Die Widerrufsfrist betr\u00e4gt sieben Tage ab dem Tag an dem Sie oder ein von Ihnen benannter Dritter, der nicht der Bef\u00f6rderer ist, die Waren in Besitz genommen haben bzw. hat.<\/p><p>Um Ihr Widerrufsrecht auszu\u00fcben, m\u00fcssen Sie mir (H\u00e4rzensfreud, Sonneggstr.6, 4950 Huttwil, Telefonnummer: 078 806 23 61, E-Mail-Adresse: \u2026@haerzensfreud.ch) mittels einer eindeutigen Erkl\u00e4rung (z.B. ein mit der Post versandter Brief oder E-Mail) \u00fcber Ihren Entschluss, diesen Vertrag zu widerrufen, informieren.<\/p><p>Zur Wahrung der Widerrufsfrist reicht es aus, dass Sie die Mitteilung \u00fcber die Aus\u00fcbung des Widerrufsrechts vor Ablauf der Widerrufsfrist absenden.<\/p><p><strong>Folgen des Widerrufs<\/strong><\/p><p>Wenn Sie diesen Vertrag widerrufen, habe ich Ihnen alle Zahlungen, die ich von Ihnen erhalten haben, einschlie\u00dflich der Lieferkosten (mit Ausnahme der zus\u00e4tzlichen Kosten, die sich daraus ergeben), unverz\u00fcglich und sp\u00e4testens binnen vierzehn Tagen ab dem Tag zur\u00fcck zu zahlen, an dem die Mitteilung \u00fcber Ihren Widerruf dieses Vertrags bei mir eingegangen ist. F\u00fcr diese R\u00fcckzahlung verwende ich dasselbe Zahlungsmittel, das Sie bei der urspr\u00fcnglichen Transaktion eingesetzt haben, es sei denn, mit Ihnen wurde ausdr\u00fccklich etwas anderes vereinbart; in keinem Fall werden Ihnen wegen dieser R\u00fcckzahlung Entgelte berechnet.<\/p><p>Ich kann die R\u00fcckzahlung verweigern, bis ich die Waren wieder einwandfrei zur\u00fcck erhalten habe oder bis Sie den Nachweis erbracht haben, dass Sie die Waren zur\u00fcckgesandt haben, je nachdem, welches der fr\u00fchere Zeitpunkt ist.<\/p><p>Sie haben die Waren unverz\u00fcglich und in jedem Fall sp\u00e4testens binnen sieben Tagen ab dem Tag, an dem Sie mich \u00fcber den Widerruf dieses Vertrages unterrichten, an mich zur\u00fcckzusenden oder zu \u00fcbergeben. Die Frist ist gewahrt, wenn Sie die Waren vor Ablauf der Frist von sieben Tagen absenden. Sie tragen die unmittelbaren Kosten der R\u00fccksendung der Waren. Die R\u00fccksendung der Ware bitte an:<\/p><p>Rahel Sch\u00fctz, Sonnmatt 122, 3464 Schmidigen-M\u00fchleweg<\/p><p>Sie m\u00fcssen f\u00fcr einen etwaigen Wertverlust der Waren nur aufkommen, wenn dieser Wertverlust auf einen zur Pr\u00fcfung der Beschaffenheit, Eigenschaften und Funktionsweise der Waren nicht notwendigen Umgang mit ihnen zur\u00fcckzuf\u00fchren ist.<\/p><p><strong>R\u00fccksendungen<\/strong><\/p><p>R\u00fccksendungen sind nur nach vorheriger Vereinbarung m\u00f6glich. Die Ware kann nur in Originalverpackung zur\u00fcckgenommen werden. Benutzte Waren, Spezialanfertigungen und Ware die ich extra f\u00fcr den Kunden hergestellt habe, k\u00f6nnen nicht zur\u00fcckgenommen werden.<\/p><p>Die R\u00fccksendung der Ware erfolgt auf Kosten und Gefahr vom Kunden. Dies gilt auch dann, wenn H\u00e4rzensfreud die Ware versandkostenfrei geliefert hat. Ich behalte mir das Recht vor, f\u00fcr Umtriebe und Instandstellung der Ware einen entsprechenden Betrag in Rechnung zu stellen, beziehungsweise eine allf\u00e4llige Gutschrift zu k\u00fcrzen. Bitte informieren Sie uns vor der R\u00fccksendung! Telefonnummer: 078 806 23 61.<\/p><p><strong>Gew\u00e4hrleistung<\/strong><\/p><p>F\u00fcr alle im Internet angebotenen Produkte besteht eine einj\u00e4hrige Gew\u00e4hrleistung ab Rechnungsdatum. Gew\u00e4hrleistungspflicht besteht nicht, wenn der Fehler oder Schaden durch die nicht vorschriftsm\u00e4ssige Behandlung, Wartung oder Pflege der Ware entstanden ist. Die daf\u00fcr vorgesehenen Anleitungen und Empfehlungen entnimmt der K\u00e4ufer den beiliegenden Hinweisen.<\/p><p>Wichtig: Bitte bewahren Sie unbedingt die Rechnung auf. Ohne einen Kaufbeleg k\u00f6nnen sie keine Gew\u00e4hrleistungsanspr\u00fcche geltend machen.<\/p><p><strong>Eigentumsvorbehalt<\/strong><\/p><p>Bis zur vollst\u00e4ndigen Zahlung bleibt die Ware Eigentum von H\u00e4rzensfreud<\/p><p><strong>Schadenersatz<\/strong><\/p><p>Schadenersatzanspr\u00fcche wegen Fehlern in Abbildungen, Preisen und Texten oder wegen versp\u00e4teter und unterbliebener Lieferung bleiben strikt ausgeschlossen.\u00a0<strong>Die Farbe der im Online Shop abgebildeten Produkte kann von der tats\u00e4chlichen Produktfarbe abweichen.<\/strong><\/p><p><strong>Datenschutz<\/strong><\/p><p>Die f\u00fcr die Gesch\u00e4ftsabwicklung notwendigen Daten werden selbstverst\u00e4ndlich vertraulich behandelt.<\/p><p><strong>Kontakt<\/strong><\/p><p>Meine Anschrift f\u00fcr Beanstandungen und sonstige Willenserkl\u00e4rungen sowie meine ladungsf\u00e4hige Anschrift lautet:<\/p><p>H\u00e4rzensfreud<br \/>Sonneggstr.6<br \/>4950 Huttwil<br \/>Telefonnummer: 078 806 23 61<br \/>E-Mail-Adresse: \u2026@haerzensfreud.ch<\/p><p>\u00d6ffnungszeiten: Mo &amp; Di geschlossen \/ Mi \u2013 Fr\u00a0 9.30 \u2013 11.30 \/ Fr 14.00 \u2013 21.00 \/ Sa 9.00 \u2013 16.00<\/p><p><strong>Rechtliche Hinweise<\/strong><\/p><p>H\u00e4rzensfreud \u00fcbernimmt keine Haftung f\u00fcr fehlerhafte Inhalte oder Verbindungen (Links), auf welche diese Website direkt oder indirekt verweist. Ein Verlinken fremder Webseiten auf diese ist nur mit der schriftlichen Erlaubnis von H\u00e4rzensfreud gestattet.<\/p>\t\t\t\t\t\t\t\t<\/div>\n\t\t\t\t<\/div>\n\t\t\t\t\t<\/div>\n\t\t<\/div>\n\t\t\t\t\t<\/div>\n\t\t<\/section>\n\t\t\t\t<\/div>\n\t\t","protected":false},"excerpt":{"rendered":"<p>AGB Allgemeine Gesch\u00e4ftsbedingungen (AGB) \/ Standard Verkaufs- und Lieferbedingungen Allgemeines F\u00fcr alle Lieferungen und Leistungen gelten unsere AGB\u2019s. Wenn Sie eine Bestellung endg\u00fcltig abgeschickt haben, ist diese verbindlich. Vertragsabschluss Der&hellip; <a class=\"more-link\" href=\"https:\/\/haerzensfreud.ch\/?page_id=149\"><span class=\"screen-reader-text\">AGB<\/span> weiterlesen<\/a><\/p>\n","protected":false},"author":1,"featured_media":0,"parent":0,"menu_order":0,"comment_status":"closed","ping_status":"closed","template":"","meta":{"footnotes":""},"class_list":["post-149","page","type-page","status-publish","hentry","entry"],"yoast_head":"<!-- This site is optimized with the Yoast SEO plugin v27.4 - https:\/\/yoast.com\/product\/yoast-seo-wordpress\/ -->\n<title>AGB &#8211; H\u00e4rzensfreud<\/title>\n<meta name=\"robots\" content=\"index, follow, max-snippet:-1, max-image-preview:large, max-video-preview:-1\" \/>\n<link rel=\"canonical\" href=\"https:\/\/haerzensfreud.ch\/?page_id=149\" \/>\n<meta property=\"og:locale\" content=\"de_DE\" \/>\n<meta property=\"og:type\" content=\"article\" \/>\n<meta property=\"og:title\" content=\"AGB &#8211; H\u00e4rzensfreud\" \/>\n<meta property=\"og:description\" content=\"AGB Allgemeine Gesch\u00e4ftsbedingungen (AGB) \/ Standard Verkaufs- und Lieferbedingungen Allgemeines F\u00fcr alle Lieferungen und Leistungen gelten unsere AGB\u2019s. Wenn Sie eine Bestellung endg\u00fcltig abgeschickt haben, ist diese verbindlich. Vertragsabschluss Der&hellip; AGB weiterlesen\" \/>\n<meta property=\"og:url\" content=\"https:\/\/haerzensfreud.ch\/?page_id=149\" \/>\n<meta property=\"og:site_name\" content=\"H\u00e4rzensfreud\" \/>\n<meta property=\"article:modified_time\" content=\"2021-09-06T15:19:39+00:00\" \/>\n<meta name=\"twitter:card\" content=\"summary_large_image\" \/>\n<meta name=\"twitter:label1\" content=\"Gesch\u00e4tzte Lesezeit\" \/>\n\t<meta name=\"twitter:data1\" content=\"4\u00a0Minuten\" \/>\n<script type=\"application\/ld+json\" class=\"yoast-schema-graph\">{\"@context\":\"https:\\\/\\\/schema.org\",\"@graph\":[{\"@type\":\"WebPage\",\"@id\":\"https:\\\/\\\/haerzensfreud.ch\\\/?page_id=149\",\"url\":\"https:\\\/\\\/haerzensfreud.ch\\\/?page_id=149\",\"name\":\"AGB &#8211; H\u00e4rzensfreud\",\"isPartOf\":{\"@id\":\"https:\\\/\\\/haerzensfreud.ch\\\/#website\"},\"datePublished\":\"2021-09-06T15:18:00+00:00\",\"dateModified\":\"2021-09-06T15:19:39+00:00\",\"breadcrumb\":{\"@id\":\"https:\\\/\\\/haerzensfreud.ch\\\/?page_id=149#breadcrumb\"},\"inLanguage\":\"de\",\"potentialAction\":[{\"@type\":\"ReadAction\",\"target\":[\"https:\\\/\\\/haerzensfreud.ch\\\/?page_id=149\"]}]},{\"@type\":\"BreadcrumbList\",\"@id\":\"https:\\\/\\\/haerzensfreud.ch\\\/?page_id=149#breadcrumb\",\"itemListElement\":[{\"@type\":\"ListItem\",\"position\":1,\"name\":\"Startseite\",\"item\":\"https:\\\/\\\/haerzensfreud.ch\\\/\"},{\"@type\":\"ListItem\",\"position\":2,\"name\":\"AGB\"}]},{\"@type\":\"WebSite\",\"@id\":\"https:\\\/\\\/haerzensfreud.ch\\\/#website\",\"url\":\"https:\\\/\\\/haerzensfreud.ch\\\/\",\"name\":\"H\u00e4rzensfreud\",\"description\":\"s\u00e4uber gmacht\",\"publisher\":{\"@id\":\"https:\\\/\\\/haerzensfreud.ch\\\/#organization\"},\"potentialAction\":[{\"@type\":\"SearchAction\",\"target\":{\"@type\":\"EntryPoint\",\"urlTemplate\":\"https:\\\/\\\/haerzensfreud.ch\\\/?s={search_term_string}\"},\"query-input\":{\"@type\":\"PropertyValueSpecification\",\"valueRequired\":true,\"valueName\":\"search_term_string\"}}],\"inLanguage\":\"de\"},{\"@type\":\"Organization\",\"@id\":\"https:\\\/\\\/haerzensfreud.ch\\\/#organization\",\"name\":\"H\u00e4rzensfreud\",\"url\":\"https:\\\/\\\/haerzensfreud.ch\\\/\",\"logo\":{\"@type\":\"ImageObject\",\"inLanguage\":\"de\",\"@id\":\"https:\\\/\\\/haerzensfreud.ch\\\/#\\\/schema\\\/logo\\\/image\\\/\",\"url\":\"https:\\\/\\\/haerzensfreud.ch\\\/wp-content\\\/uploads\\\/2021\\\/10\\\/cropped-Wasserzeichen-Logo-mit-saeuber-gmacht-23.10.21.png\",\"contentUrl\":\"https:\\\/\\\/haerzensfreud.ch\\\/wp-content\\\/uploads\\\/2021\\\/10\\\/cropped-Wasserzeichen-Logo-mit-saeuber-gmacht-23.10.21.png\",\"width\":86,\"height\":50,\"caption\":\"H\u00e4rzensfreud\"},\"image\":{\"@id\":\"https:\\\/\\\/haerzensfreud.ch\\\/#\\\/schema\\\/logo\\\/image\\\/\"}}]}<\/script>\n<!-- \/ Yoast SEO plugin. -->","yoast_head_json":{"title":"AGB &#8211; H\u00e4rzensfreud","robots":{"index":"index","follow":"follow","max-snippet":"max-snippet:-1","max-image-preview":"max-image-preview:large","max-video-preview":"max-video-preview:-1"},"canonical":"https:\/\/haerzensfreud.ch\/?page_id=149","og_locale":"de_DE","og_type":"article","og_title":"AGB &#8211; H\u00e4rzensfreud","og_description":"AGB Allgemeine Gesch\u00e4ftsbedingungen (AGB) \/ Standard Verkaufs- und Lieferbedingungen Allgemeines F\u00fcr alle Lieferungen und Leistungen gelten unsere AGB\u2019s. Wenn Sie eine Bestellung endg\u00fcltig abgeschickt haben, ist diese verbindlich. Vertragsabschluss Der&hellip; AGB weiterlesen","og_url":"https:\/\/haerzensfreud.ch\/?page_id=149","og_site_name":"H\u00e4rzensfreud","article_modified_time":"2021-09-06T15:19:39+00:00","twitter_card":"summary_large_image","twitter_misc":{"Gesch\u00e4tzte Lesezeit":"4\u00a0Minuten"},"schema":{"@context":"https:\/\/schema.org","@graph":[{"@type":"WebPage","@id":"https:\/\/haerzensfreud.ch\/?page_id=149","url":"https:\/\/haerzensfreud.ch\/?page_id=149","name":"AGB &#8211; H\u00e4rzensfreud","isPartOf":{"@id":"https:\/\/haerzensfreud.ch\/#website"},"datePublished":"2021-09-06T15:18:00+00:00","dateModified":"2021-09-06T15:19:39+00:00","breadcrumb":{"@id":"https:\/\/haerzensfreud.ch\/?page_id=149#breadcrumb"},"inLanguage":"de","potentialAction":[{"@type":"ReadAction","target":["https:\/\/haerzensfreud.ch\/?page_id=149"]}]},{"@type":"BreadcrumbList","@id":"https:\/\/haerzensfreud.ch\/?page_id=149#breadcrumb","itemListElement":[{"@type":"ListItem","position":1,"name":"Startseite","item":"https:\/\/haerzensfreud.ch\/"},{"@type":"ListItem","position":2,"name":"AGB"}]},{"@type":"WebSite","@id":"https:\/\/haerzensfreud.ch\/#website","url":"https:\/\/haerzensfreud.ch\/","name":"H\u00e4rzensfreud","description":"s\u00e4uber gmacht","publisher":{"@id":"https:\/\/haerzensfreud.ch\/#organization"},"potentialAction":[{"@type":"SearchAction","target":{"@type":"EntryPoint","urlTemplate":"https:\/\/haerzensfreud.ch\/?s={search_term_string}"},"query-input":{"@type":"PropertyValueSpecification","valueRequired":true,"valueName":"search_term_string"}}],"inLanguage":"de"},{"@type":"Organization","@id":"https:\/\/haerzensfreud.ch\/#organization","name":"H\u00e4rzensfreud","url":"https:\/\/haerzensfreud.ch\/","logo":{"@type":"ImageObject","inLanguage":"de","@id":"https:\/\/haerzensfreud.ch\/#\/schema\/logo\/image\/","url":"https:\/\/haerzensfreud.ch\/wp-content\/uploads\/2021\/10\/cropped-Wasserzeichen-Logo-mit-saeuber-gmacht-23.10.21.png","contentUrl":"https:\/\/haerzensfreud.ch\/wp-content\/uploads\/2021\/10\/cropped-Wasserzeichen-Logo-mit-saeuber-gmacht-23.10.21.png","width":86,"height":50,"caption":"H\u00e4rzensfreud"},"image":{"@id":"https:\/\/haerzensfreud.ch\/#\/schema\/logo\/image\/"}}]}},"_links":{"self":[{"href":"https:\/\/haerzensfreud.ch\/index.php?rest_route=\/wp\/v2\/pages\/149","targetHints":{"allow":["GET"]}}],"collection":[{"href":"https:\/\/haerzensfreud.ch\/index.php?rest_route=\/wp\/v2\/pages"}],"about":[{"href":"https:\/\/haerzensfreud.ch\/index.php?rest_route=\/wp\/v2\/types\/page"}],"author":[{"embeddable":true,"href":"https:\/\/haerzensfreud.ch\/index.php?rest_route=\/wp\/v2\/users\/1"}],"replies":[{"embeddable":true,"href":"https:\/\/haerzensfreud.ch\/index.php?rest_route=%2Fwp%2Fv2%2Fcomments&post=149"}],"version-history":[{"count":5,"href":"https:\/\/haerzensfreud.ch\/index.php?rest_route=\/wp\/v2\/pages\/149\/revisions"}],"predecessor-version":[{"id":1208,"href":"https:\/\/haerzensfreud.ch\/index.php?rest_route=\/wp\/v2\/pages\/149\/revisions\/1208"}],"wp:attachment":[{"href":"https:\/\/haerzensfreud.ch\/index.php?rest_route=%2Fwp%2Fv2%2Fmedia&parent=149"}],"curies":[{"name":"wp","href":"https:\/\/api.w.org\/{rel}","templated":true}]}}