{"id":132,"date":"2021-09-06T15:11:45","date_gmt":"2021-09-06T15:11:45","guid":{"rendered":"https:\/\/haerzensfreud.ch\/?page_id=132"},"modified":"2026-01-02T16:35:30","modified_gmt":"2026-01-02T16:35:30","slug":"kurse-workshops","status":"publish","type":"page","link":"https:\/\/haerzensfreud.ch\/?page_id=132","title":{"rendered":"Kurse"},"content":{"rendered":"\t\t<div data-elementor-type=\"wp-page\" data-elementor-id=\"132\" class=\"elementor elementor-132\">\n\t\t\t\t\t\t<section class=\"elementor-section elementor-top-section elementor-element elementor-element-b0c762e elementor-section-boxed elementor-section-height-default elementor-section-height-default\" data-id=\"b0c762e\" data-element_type=\"section\" data-e-type=\"section\">\n\t\t\t\t\t\t<div class=\"elementor-container elementor-column-gap-default\">\n\t\t\t\t\t<div class=\"elementor-column elementor-col-100 elementor-top-column elementor-element elementor-element-c267c7c\" data-id=\"c267c7c\" data-element_type=\"column\" data-e-type=\"column\">\n\t\t\t<div class=\"elementor-widget-wrap elementor-element-populated\">\n\t\t\t\t\t\t<div class=\"elementor-element elementor-element-96e13d5 elementor-widget elementor-widget-text-editor\" data-id=\"96e13d5\" data-element_type=\"widget\" data-e-type=\"widget\" data-widget_type=\"text-editor.default\">\n\t\t\t\t<div class=\"elementor-widget-container\">\n\t\t\t\t\t\t\t\t\t<h6>\u00a0<\/h6><h3 style=\"text-align: center;\"><span style=\"color: #000000;\">Herzlichen Dank f\u00fcr Dein Interesse an einem Kurs im Atelier &#8222;H\u00e4rzensfreud&#8220;.<\/span><\/h3><div>\u00a0<\/div><div>\u00a0<\/div><h2 style=\"text-align: center;\"><span style=\"text-decoration: underline; color: #666699;\">Kursprogramm 2026<\/span><\/h2><h4 style=\"text-align: center;\"><span style=\"color: #666699;\">Ich arbeite noch am neuen Kursprogramm,<br \/>bitte hab noch einen Moment Geduld und schaue sp\u00e4ter noch einmal nach,<br \/>oder melde Dich bei mir (078 806 23 61 oder info@haerzensfreud.ch) um das neue Kursprogramm direkt zu erhalten!<\/span><\/h4><div>\u00a0<\/div><p><strong>\u00a0<\/strong><\/p>\t\t\t\t\t\t\t\t<\/div>\n\t\t\t\t<\/div>\n\t\t\t\t\t<\/div>\n\t\t<\/div>\n\t\t\t\t\t<\/div>\n\t\t<\/section>\n\t\t\t\t<section class=\"elementor-section elementor-top-section elementor-element elementor-element-6f658a8 elementor-section-boxed elementor-section-height-default elementor-section-height-default\" data-id=\"6f658a8\" data-element_type=\"section\" data-e-type=\"section\">\n\t\t\t\t\t\t<div class=\"elementor-container elementor-column-gap-default\">\n\t\t\t\t\t<div class=\"elementor-column elementor-col-33 elementor-top-column elementor-element elementor-element-2fb8652\" data-id=\"2fb8652\" data-element_type=\"column\" data-e-type=\"column\">\n\t\t\t<div class=\"elementor-widget-wrap\">\n\t\t\t\t\t\t\t<\/div>\n\t\t<\/div>\n\t\t\t\t<div class=\"elementor-column elementor-col-33 elementor-top-column elementor-element elementor-element-7157ba5\" data-id=\"7157ba5\" data-element_type=\"column\" data-e-type=\"column\">\n\t\t\t<div class=\"elementor-widget-wrap\">\n\t\t\t\t\t\t\t<\/div>\n\t\t<\/div>\n\t\t\t\t<div class=\"elementor-column elementor-col-33 elementor-top-column elementor-element elementor-element-b1179e6\" data-id=\"b1179e6\" data-element_type=\"column\" data-e-type=\"column\">\n\t\t\t<div class=\"elementor-widget-wrap elementor-element-populated\">\n\t\t\t\t\t\t\t<\/div>\n\t\t<\/div>\n\t\t\t\t\t<\/div>\n\t\t<\/section>\n\t\t\t\t<section class=\"elementor-section elementor-top-section elementor-element elementor-element-0659034 elementor-section-boxed elementor-section-height-default elementor-section-height-default\" data-id=\"0659034\" data-element_type=\"section\" data-e-type=\"section\">\n\t\t\t\t\t\t<div class=\"elementor-container elementor-column-gap-default\">\n\t\t\t\t\t<div class=\"elementor-column elementor-col-100 elementor-top-column elementor-element elementor-element-41c91eb\" data-id=\"41c91eb\" data-element_type=\"column\" data-e-type=\"column\">\n\t\t\t<div class=\"elementor-widget-wrap elementor-element-populated\">\n\t\t\t\t\t\t<div class=\"elementor-element elementor-element-4280b3c elementor-align-center elementor-widget elementor-widget-button\" data-id=\"4280b3c\" data-element_type=\"widget\" data-e-type=\"widget\" data-widget_type=\"button.default\">\n\t\t\t\t<div class=\"elementor-widget-container\">\n\t\t\t\t\t\t\t\t\t<div class=\"elementor-button-wrapper\">\n\t\t\t\t\t<a class=\"elementor-button elementor-button-link elementor-size-xl\" href=\"https:\/\/haerzensfreud.ch\/?post_type=tribe_events\">\n\t\t\t\t\t\t<span class=\"elementor-button-content-wrapper\">\n\t\t\t\t\t\t\t\t\t<span class=\"elementor-button-text\">Kurs\u00fcbersicht <\/span>\n\t\t\t\t\t<\/span>\n\t\t\t\t\t<\/a>\n\t\t\t\t<\/div>\n\t\t\t\t\t\t\t\t<\/div>\n\t\t\t\t<\/div>\n\t\t\t\t\t<\/div>\n\t\t<\/div>\n\t\t\t\t\t<\/div>\n\t\t<\/section>\n\t\t\t\t<section class=\"elementor-section elementor-top-section elementor-element elementor-element-5d62e75 elementor-section-boxed elementor-section-height-default elementor-section-height-default\" data-id=\"5d62e75\" data-element_type=\"section\" data-e-type=\"section\">\n\t\t\t\t\t\t<div class=\"elementor-container elementor-column-gap-default\">\n\t\t\t\t\t<div class=\"elementor-column elementor-col-100 elementor-top-column elementor-element elementor-element-f557661\" data-id=\"f557661\" data-element_type=\"column\" data-e-type=\"column\">\n\t\t\t<div class=\"elementor-widget-wrap elementor-element-populated\">\n\t\t\t\t\t\t<div class=\"elementor-element elementor-element-c5dc696 elementor-widget elementor-widget-text-editor\" data-id=\"c5dc696\" data-element_type=\"widget\" data-e-type=\"widget\" data-widget_type=\"text-editor.default\">\n\t\t\t\t<div class=\"elementor-widget-container\">\n\t\t\t\t\t\t\t\t\t<p>\u00a0<\/p><p style=\"text-align: center;\">Passt gerade kein Datum oder ist kein geeigneter Workshop f\u00fcr Dich dabei?<\/p><p style=\"text-align: center;\">Sehr gerne gestalte und plane ich mit Dir einen Workshop nur f\u00fcr Dich und deine Freundinnen. Ihr seid mind. 4-6 Personen die gerne kreativ sein wollt und gerne gemeinsam eine gem\u00fctliche Zeit verbringt?<\/p><p style=\"text-align: center;\">Dann melde Dich bei mir f\u00fcr eine unverbindliche Anfrage.<\/p><p style=\"text-align: center;\">(Falls eine Lokalit\u00e4t zur Verf\u00fcgung steht ist auch ein Workshop mit mehr Personen m\u00f6glich.)<\/p><p>\u00a0<\/p><p style=\"text-align: center;\">Tel. 078\/806 23 61 oder per Mail info@haerzensfreud.ch<\/p>\t\t\t\t\t\t\t\t<\/div>\n\t\t\t\t<\/div>\n\t\t\t\t\t<\/div>\n\t\t<\/div>\n\t\t\t\t\t<\/div>\n\t\t<\/section>\n\t\t\t\t<\/div>\n\t\t","protected":false},"excerpt":{"rendered":"<p>\u00a0 Herzlichen Dank f\u00fcr Dein Interesse an einem Kurs im Atelier &#8222;H\u00e4rzensfreud&#8220;. \u00a0\u00a0 Kursprogramm 2026 Ich arbeite noch am neuen Kursprogramm,bitte hab noch einen Moment Geduld und schaue sp\u00e4ter noch&hellip; <a class=\"more-link\" href=\"https:\/\/haerzensfreud.ch\/?page_id=132\"><span class=\"screen-reader-text\">Kurse<\/span> weiterlesen<\/a><\/p>\n","protected":false},"author":1,"featured_media":0,"parent":0,"menu_order":0,"comment_status":"closed","ping_status":"closed","template":"","meta":{"footnotes":""},"class_list":["post-132","page","type-page","status-publish","hentry","entry"],"yoast_head":"<!-- This site is optimized with the Yoast SEO plugin v27.4 - https:\/\/yoast.com\/product\/yoast-seo-wordpress\/ -->\n<title>Kurse &#8211; H\u00e4rzensfreud<\/title>\n<meta name=\"robots\" content=\"index, follow, max-snippet:-1, max-image-preview:large, max-video-preview:-1\" \/>\n<link rel=\"canonical\" href=\"https:\/\/haerzensfreud.ch\/?page_id=132\" \/>\n<meta property=\"og:locale\" content=\"de_DE\" \/>\n<meta property=\"og:type\" content=\"article\" \/>\n<meta property=\"og:title\" content=\"Kurse &#8211; H\u00e4rzensfreud\" \/>\n<meta property=\"og:description\" content=\"\u00a0 Herzlichen Dank f\u00fcr Dein Interesse an einem Kurs im Atelier &#8222;H\u00e4rzensfreud&#8220;. \u00a0\u00a0 Kursprogramm 2026 Ich arbeite noch am neuen Kursprogramm,bitte hab noch einen Moment Geduld und schaue sp\u00e4ter noch&hellip; Kurse weiterlesen\" \/>\n<meta property=\"og:url\" content=\"https:\/\/haerzensfreud.ch\/?page_id=132\" \/>\n<meta property=\"og:site_name\" content=\"H\u00e4rzensfreud\" \/>\n<meta property=\"article:modified_time\" content=\"2026-01-02T16:35:30+00:00\" \/>\n<meta name=\"twitter:card\" content=\"summary_large_image\" \/>\n<meta name=\"twitter:label1\" content=\"Gesch\u00e4tzte Lesezeit\" \/>\n\t<meta name=\"twitter:data1\" content=\"1\u00a0Minute\" \/>\n<script type=\"application\/ld+json\" class=\"yoast-schema-graph\">{\"@context\":\"https:\\\/\\\/schema.org\",\"@graph\":[{\"@type\":\"WebPage\",\"@id\":\"https:\\\/\\\/haerzensfreud.ch\\\/?page_id=132\",\"url\":\"https:\\\/\\\/haerzensfreud.ch\\\/?page_id=132\",\"name\":\"Kurse &#8211; H\u00e4rzensfreud\",\"isPartOf\":{\"@id\":\"https:\\\/\\\/haerzensfreud.ch\\\/#website\"},\"datePublished\":\"2021-09-06T15:11:45+00:00\",\"dateModified\":\"2026-01-02T16:35:30+00:00\",\"breadcrumb\":{\"@id\":\"https:\\\/\\\/haerzensfreud.ch\\\/?page_id=132#breadcrumb\"},\"inLanguage\":\"de\",\"potentialAction\":[{\"@type\":\"ReadAction\",\"target\":[\"https:\\\/\\\/haerzensfreud.ch\\\/?page_id=132\"]}]},{\"@type\":\"BreadcrumbList\",\"@id\":\"https:\\\/\\\/haerzensfreud.ch\\\/?page_id=132#breadcrumb\",\"itemListElement\":[{\"@type\":\"ListItem\",\"position\":1,\"name\":\"Startseite\",\"item\":\"https:\\\/\\\/haerzensfreud.ch\\\/\"},{\"@type\":\"ListItem\",\"position\":2,\"name\":\"Kurse\"}]},{\"@type\":\"WebSite\",\"@id\":\"https:\\\/\\\/haerzensfreud.ch\\\/#website\",\"url\":\"https:\\\/\\\/haerzensfreud.ch\\\/\",\"name\":\"H\u00e4rzensfreud\",\"description\":\"s\u00e4uber gmacht\",\"publisher\":{\"@id\":\"https:\\\/\\\/haerzensfreud.ch\\\/#organization\"},\"potentialAction\":[{\"@type\":\"SearchAction\",\"target\":{\"@type\":\"EntryPoint\",\"urlTemplate\":\"https:\\\/\\\/haerzensfreud.ch\\\/?s={search_term_string}\"},\"query-input\":{\"@type\":\"PropertyValueSpecification\",\"valueRequired\":true,\"valueName\":\"search_term_string\"}}],\"inLanguage\":\"de\"},{\"@type\":\"Organization\",\"@id\":\"https:\\\/\\\/haerzensfreud.ch\\\/#organization\",\"name\":\"H\u00e4rzensfreud\",\"url\":\"https:\\\/\\\/haerzensfreud.ch\\\/\",\"logo\":{\"@type\":\"ImageObject\",\"inLanguage\":\"de\",\"@id\":\"https:\\\/\\\/haerzensfreud.ch\\\/#\\\/schema\\\/logo\\\/image\\\/\",\"url\":\"https:\\\/\\\/haerzensfreud.ch\\\/wp-content\\\/uploads\\\/2021\\\/10\\\/cropped-Wasserzeichen-Logo-mit-saeuber-gmacht-23.10.21.png\",\"contentUrl\":\"https:\\\/\\\/haerzensfreud.ch\\\/wp-content\\\/uploads\\\/2021\\\/10\\\/cropped-Wasserzeichen-Logo-mit-saeuber-gmacht-23.10.21.png\",\"width\":86,\"height\":50,\"caption\":\"H\u00e4rzensfreud\"},\"image\":{\"@id\":\"https:\\\/\\\/haerzensfreud.ch\\\/#\\\/schema\\\/logo\\\/image\\\/\"}}]}<\/script>\n<!-- \/ Yoast SEO plugin. -->","yoast_head_json":{"title":"Kurse &#8211; H\u00e4rzensfreud","robots":{"index":"index","follow":"follow","max-snippet":"max-snippet:-1","max-image-preview":"max-image-preview:large","max-video-preview":"max-video-preview:-1"},"canonical":"https:\/\/haerzensfreud.ch\/?page_id=132","og_locale":"de_DE","og_type":"article","og_title":"Kurse &#8211; H\u00e4rzensfreud","og_description":"\u00a0 Herzlichen Dank f\u00fcr Dein Interesse an einem Kurs im Atelier &#8222;H\u00e4rzensfreud&#8220;. \u00a0\u00a0 Kursprogramm 2026 Ich arbeite noch am neuen Kursprogramm,bitte hab noch einen Moment Geduld und schaue sp\u00e4ter noch&hellip; Kurse weiterlesen","og_url":"https:\/\/haerzensfreud.ch\/?page_id=132","og_site_name":"H\u00e4rzensfreud","article_modified_time":"2026-01-02T16:35:30+00:00","twitter_card":"summary_large_image","twitter_misc":{"Gesch\u00e4tzte Lesezeit":"1\u00a0Minute"},"schema":{"@context":"https:\/\/schema.org","@graph":[{"@type":"WebPage","@id":"https:\/\/haerzensfreud.ch\/?page_id=132","url":"https:\/\/haerzensfreud.ch\/?page_id=132","name":"Kurse &#8211; H\u00e4rzensfreud","isPartOf":{"@id":"https:\/\/haerzensfreud.ch\/#website"},"datePublished":"2021-09-06T15:11:45+00:00","dateModified":"2026-01-02T16:35:30+00:00","breadcrumb":{"@id":"https:\/\/haerzensfreud.ch\/?page_id=132#breadcrumb"},"inLanguage":"de","potentialAction":[{"@type":"ReadAction","target":["https:\/\/haerzensfreud.ch\/?page_id=132"]}]},{"@type":"BreadcrumbList","@id":"https:\/\/haerzensfreud.ch\/?page_id=132#breadcrumb","itemListElement":[{"@type":"ListItem","position":1,"name":"Startseite","item":"https:\/\/haerzensfreud.ch\/"},{"@type":"ListItem","position":2,"name":"Kurse"}]},{"@type":"WebSite","@id":"https:\/\/haerzensfreud.ch\/#website","url":"https:\/\/haerzensfreud.ch\/","name":"H\u00e4rzensfreud","description":"s\u00e4uber gmacht","publisher":{"@id":"https:\/\/haerzensfreud.ch\/#organization"},"potentialAction":[{"@type":"SearchAction","target":{"@type":"EntryPoint","urlTemplate":"https:\/\/haerzensfreud.ch\/?s={search_term_string}"},"query-input":{"@type":"PropertyValueSpecification","valueRequired":true,"valueName":"search_term_string"}}],"inLanguage":"de"},{"@type":"Organization","@id":"https:\/\/haerzensfreud.ch\/#organization","name":"H\u00e4rzensfreud","url":"https:\/\/haerzensfreud.ch\/","logo":{"@type":"ImageObject","inLanguage":"de","@id":"https:\/\/haerzensfreud.ch\/#\/schema\/logo\/image\/","url":"https:\/\/haerzensfreud.ch\/wp-content\/uploads\/2021\/10\/cropped-Wasserzeichen-Logo-mit-saeuber-gmacht-23.10.21.png","contentUrl":"https:\/\/haerzensfreud.ch\/wp-content\/uploads\/2021\/10\/cropped-Wasserzeichen-Logo-mit-saeuber-gmacht-23.10.21.png","width":86,"height":50,"caption":"H\u00e4rzensfreud"},"image":{"@id":"https:\/\/haerzensfreud.ch\/#\/schema\/logo\/image\/"}}]}},"_links":{"self":[{"href":"https:\/\/haerzensfreud.ch\/index.php?rest_route=\/wp\/v2\/pages\/132","targetHints":{"allow":["GET"]}}],"collection":[{"href":"https:\/\/haerzensfreud.ch\/index.php?rest_route=\/wp\/v2\/pages"}],"about":[{"href":"https:\/\/haerzensfreud.ch\/index.php?rest_route=\/wp\/v2\/types\/page"}],"author":[{"embeddable":true,"href":"https:\/\/haerzensfreud.ch\/index.php?rest_route=\/wp\/v2\/users\/1"}],"replies":[{"embeddable":true,"href":"https:\/\/haerzensfreud.ch\/index.php?rest_route=%2Fwp%2Fv2%2Fcomments&post=132"}],"version-history":[{"count":269,"href":"https:\/\/haerzensfreud.ch\/index.php?rest_route=\/wp\/v2\/pages\/132\/revisions"}],"predecessor-version":[{"id":3923,"href":"https:\/\/haerzensfreud.ch\/index.php?rest_route=\/wp\/v2\/pages\/132\/revisions\/3923"}],"wp:attachment":[{"href":"https:\/\/haerzensfreud.ch\/index.php?rest_route=%2Fwp%2Fv2%2Fmedia&parent=132"}],"curies":[{"name":"wp","href":"https:\/\/api.w.org\/{rel}","templated":true}]}}