{"id":122,"date":"2021-09-06T15:01:14","date_gmt":"2021-09-06T15:01:14","guid":{"rendered":"https:\/\/haerzensfreud.ch\/?page_id=122"},"modified":"2021-10-04T09:50:39","modified_gmt":"2021-10-04T09:50:39","slug":"kontakt","status":"publish","type":"page","link":"https:\/\/haerzensfreud.ch\/?page_id=122","title":{"rendered":"Kontakt"},"content":{"rendered":"\t\t<div data-elementor-type=\"wp-page\" data-elementor-id=\"122\" class=\"elementor elementor-122\">\n\t\t\t\t\t\t<section class=\"elementor-section elementor-top-section elementor-element elementor-element-35dd0c8 elementor-section-boxed elementor-section-height-default elementor-section-height-default\" data-id=\"35dd0c8\" data-element_type=\"section\" data-e-type=\"section\">\n\t\t\t\t\t\t<div class=\"elementor-container elementor-column-gap-default\">\n\t\t\t\t\t<div class=\"elementor-column elementor-col-100 elementor-top-column elementor-element elementor-element-e17f949\" data-id=\"e17f949\" data-element_type=\"column\" data-e-type=\"column\">\n\t\t\t<div class=\"elementor-widget-wrap elementor-element-populated\">\n\t\t\t\t\t\t<div class=\"elementor-element elementor-element-ec34e2c elementor-widget elementor-widget-image\" data-id=\"ec34e2c\" data-element_type=\"widget\" data-e-type=\"widget\" data-widget_type=\"image.default\">\n\t\t\t\t<div class=\"elementor-widget-container\">\n\t\t\t\t\t\t\t\t\t\t\t\t\t\t\t<img fetchpriority=\"high\" decoding=\"async\" width=\"551\" height=\"305\" src=\"https:\/\/haerzensfreud.ch\/wp-content\/uploads\/2021\/10\/Header-transp-4.10.21.png\" class=\"attachment-large size-large wp-image-618\" alt=\"\" srcset=\"https:\/\/haerzensfreud.ch\/wp-content\/uploads\/2021\/10\/Header-transp-4.10.21.png 551w, https:\/\/haerzensfreud.ch\/wp-content\/uploads\/2021\/10\/Header-transp-4.10.21-530x293.png 530w, https:\/\/haerzensfreud.ch\/wp-content\/uploads\/2021\/10\/Header-transp-4.10.21-300x166.png 300w\" sizes=\"(max-width: 551px) 100vw, 551px\" style=\"width:100%;height:55.35%;max-width:551px\" \/>\t\t\t\t\t\t\t\t\t\t\t\t\t\t\t<\/div>\n\t\t\t\t<\/div>\n\t\t\t\t\t<\/div>\n\t\t<\/div>\n\t\t\t\t\t<\/div>\n\t\t<\/section>\n\t\t\t\t<section class=\"elementor-section elementor-top-section elementor-element elementor-element-97ce8cd elementor-section-boxed elementor-section-height-default elementor-section-height-default\" data-id=\"97ce8cd\" data-element_type=\"section\" data-e-type=\"section\">\n\t\t\t\t\t\t<div class=\"elementor-container elementor-column-gap-default\">\n\t\t\t\t\t<div class=\"elementor-column elementor-col-100 elementor-top-column elementor-element elementor-element-35219b5\" data-id=\"35219b5\" data-element_type=\"column\" data-e-type=\"column\">\n\t\t\t<div class=\"elementor-widget-wrap elementor-element-populated\">\n\t\t\t\t\t\t<div class=\"elementor-element elementor-element-097c7a8 elementor-widget elementor-widget-text-editor\" data-id=\"097c7a8\" data-element_type=\"widget\" data-e-type=\"widget\" data-widget_type=\"text-editor.default\">\n\t\t\t\t<div class=\"elementor-widget-container\">\n\t\t\t\t\t\t\t\t\t<p>\u00a0<\/p><p style=\"text-align: center;\">W\u00e4hrend den \u00d6ffnungszeiten des Ladens findest Du mich pers\u00f6nlich im H\u00c4RZENSFREUD.<\/p><p style=\"text-align: center;\">Du kannst mich auch telefonisch unter der Nummer 078 \/ 806 23 61 erreichen.<\/p><p style=\"text-align: center;\">Falls ich Deinen Anruf gerade nicht entgegen nehmen kann,<\/p><p style=\"text-align: center;\">hinterlasse mir doch bitte eine Nachricht mit Deinem Namen und Deiner Nummer,<\/p><p style=\"text-align: center;\">dann rufe ich Dich gerne schnellstm\u00f6glich zur\u00fcck.<\/p><p style=\"text-align: center;\">Auch via E-Mail oder unten stehendem Kontaktformular kannst Du mit mir Kontakt aufnehmen.<\/p><p style=\"text-align: center;\"><a href=\"mailto:info@haerzensfreud.ch\">info@haerzensfreud.ch<\/a><\/p><p style=\"text-align: center;\"><a href=\"http:\/\/www.haerzensfreud.ch\">www.haerzensfreud.ch<\/a><\/p><p style=\"text-align: center;\">\u00a0<\/p>\t\t\t\t\t\t\t\t<\/div>\n\t\t\t\t<\/div>\n\t\t\t\t\t<\/div>\n\t\t<\/div>\n\t\t\t\t\t<\/div>\n\t\t<\/section>\n\t\t\t\t<section class=\"elementor-section elementor-top-section elementor-element elementor-element-5273b0f elementor-section-boxed elementor-section-height-default elementor-section-height-default\" data-id=\"5273b0f\" data-element_type=\"section\" data-e-type=\"section\">\n\t\t\t\t\t\t<div class=\"elementor-container elementor-column-gap-default\">\n\t\t\t\t\t<div class=\"elementor-column elementor-col-100 elementor-top-column elementor-element elementor-element-f6b0249\" data-id=\"f6b0249\" data-element_type=\"column\" data-e-type=\"column\">\n\t\t\t<div class=\"elementor-widget-wrap elementor-element-populated\">\n\t\t\t\t\t\t<div class=\"elementor-element elementor-element-25a7907 elementor-widget elementor-widget-text-editor\" data-id=\"25a7907\" data-element_type=\"widget\" data-e-type=\"widget\" data-widget_type=\"text-editor.default\">\n\t\t\t\t<div class=\"elementor-widget-container\">\n\t\t\t\t\t\t\t\t\t<p style=\"text-align: center;\">\n<div class=\"wpcf7 no-js\" id=\"wpcf7-f4-o1\" lang=\"de-DE\" dir=\"ltr\" data-wpcf7-id=\"4\">\n<div class=\"screen-reader-response\"><p role=\"status\" aria-live=\"polite\" aria-atomic=\"true\"><\/p> <ul><\/ul><\/div>\n<form action=\"\/index.php?rest_route=%2Fwp%2Fv2%2Fpages%2F122#wpcf7-f4-o1\" method=\"post\" class=\"wpcf7-form init\" aria-label=\"Kontaktformular\" novalidate=\"novalidate\" data-status=\"init\">\n<fieldset class=\"hidden-fields-container\"><input type=\"hidden\" name=\"_wpcf7\" value=\"4\" \/><input type=\"hidden\" name=\"_wpcf7_version\" value=\"6.1.4\" \/><input type=\"hidden\" name=\"_wpcf7_locale\" value=\"de_DE\" \/><input type=\"hidden\" name=\"_wpcf7_unit_tag\" value=\"wpcf7-f4-o1\" \/><input type=\"hidden\" name=\"_wpcf7_container_post\" value=\"0\" \/><input type=\"hidden\" name=\"_wpcf7_posted_data_hash\" value=\"\" \/>\n<\/fieldset>\n<p><label> Dein Name<br \/>\n<span class=\"wpcf7-form-control-wrap\" data-name=\"your-name\"><input size=\"40\" maxlength=\"400\" class=\"wpcf7-form-control wpcf7-text wpcf7-validates-as-required\" aria-required=\"true\" aria-invalid=\"false\" value=\"\" type=\"text\" name=\"your-name\" \/><\/span> <\/label>\n<\/p>\n<p><label> Deine E-Mail-Adresse<br \/>\n<span class=\"wpcf7-form-control-wrap\" data-name=\"your-email\"><input size=\"40\" maxlength=\"400\" class=\"wpcf7-form-control wpcf7-email wpcf7-validates-as-required wpcf7-text wpcf7-validates-as-email\" aria-required=\"true\" aria-invalid=\"false\" value=\"\" type=\"email\" name=\"your-email\" \/><\/span> <\/label>\n<\/p>\n<p><label> Betreff<br \/>\n<span class=\"wpcf7-form-control-wrap\" data-name=\"your-subject\"><input size=\"40\" maxlength=\"400\" class=\"wpcf7-form-control wpcf7-text wpcf7-validates-as-required\" aria-required=\"true\" aria-invalid=\"false\" value=\"\" type=\"text\" name=\"your-subject\" \/><\/span> <\/label>\n<\/p>\n<p><label> Deine Nachricht (optional)<br \/>\n<span class=\"wpcf7-form-control-wrap\" data-name=\"your-message\"><textarea cols=\"40\" rows=\"10\" maxlength=\"2000\" class=\"wpcf7-form-control wpcf7-textarea\" aria-invalid=\"false\" name=\"your-message\"><\/textarea><\/span> <\/label>\n<\/p>\n<p><input class=\"wpcf7-form-control wpcf7-submit has-spinner\" type=\"submit\" value=\"Senden\" \/>\n<\/p><div class=\"wpcf7-response-output\" aria-hidden=\"true\"><\/div>\n<\/form>\n<\/div>\n<\/p><p>\u00a0<\/p>\t\t\t\t\t\t\t\t<\/div>\n\t\t\t\t<\/div>\n\t\t\t\t\t<\/div>\n\t\t<\/div>\n\t\t\t\t\t<\/div>\n\t\t<\/section>\n\t\t\t\t<\/div>\n\t\t","protected":false},"excerpt":{"rendered":"<p>\u00a0 W\u00e4hrend den \u00d6ffnungszeiten des Ladens findest Du mich pers\u00f6nlich im H\u00c4RZENSFREUD. Du kannst mich auch telefonisch unter der Nummer 078 \/ 806 23 61 erreichen. Falls ich Deinen Anruf&hellip; <a class=\"more-link\" href=\"https:\/\/haerzensfreud.ch\/?page_id=122\"><span class=\"screen-reader-text\">Kontakt<\/span> weiterlesen<\/a><\/p>\n","protected":false},"author":1,"featured_media":0,"parent":0,"menu_order":0,"comment_status":"closed","ping_status":"closed","template":"","meta":{"footnotes":""},"class_list":["post-122","page","type-page","status-publish","hentry","entry"],"yoast_head":"<!-- This site is optimized with the Yoast SEO plugin v27.4 - https:\/\/yoast.com\/product\/yoast-seo-wordpress\/ -->\n<title>Kontakt &#8211; H\u00e4rzensfreud<\/title>\n<meta name=\"robots\" content=\"index, follow, max-snippet:-1, max-image-preview:large, max-video-preview:-1\" \/>\n<link rel=\"canonical\" href=\"https:\/\/haerzensfreud.ch\/?page_id=122\" \/>\n<meta property=\"og:locale\" content=\"de_DE\" \/>\n<meta property=\"og:type\" content=\"article\" \/>\n<meta property=\"og:title\" content=\"Kontakt &#8211; H\u00e4rzensfreud\" \/>\n<meta property=\"og:description\" content=\"\u00a0 W\u00e4hrend den \u00d6ffnungszeiten des Ladens findest Du mich pers\u00f6nlich im H\u00c4RZENSFREUD. Du kannst mich auch telefonisch unter der Nummer 078 \/ 806 23 61 erreichen. Falls ich Deinen Anruf&hellip; Kontakt weiterlesen\" \/>\n<meta property=\"og:url\" content=\"https:\/\/haerzensfreud.ch\/?page_id=122\" \/>\n<meta property=\"og:site_name\" content=\"H\u00e4rzensfreud\" \/>\n<meta property=\"article:modified_time\" content=\"2021-10-04T09:50:39+00:00\" \/>\n<meta property=\"og:image\" content=\"https:\/\/haerzensfreud.ch\/wp-content\/uploads\/2021\/10\/Header-transp-4.10.21.png\" \/>\n<meta name=\"twitter:card\" content=\"summary_large_image\" \/>\n<meta name=\"twitter:label1\" content=\"Gesch\u00e4tzte Lesezeit\" \/>\n\t<meta name=\"twitter:data1\" content=\"1\u00a0Minute\" \/>\n<script type=\"application\/ld+json\" class=\"yoast-schema-graph\">{\"@context\":\"https:\\\/\\\/schema.org\",\"@graph\":[{\"@type\":\"WebPage\",\"@id\":\"https:\\\/\\\/haerzensfreud.ch\\\/?page_id=122\",\"url\":\"https:\\\/\\\/haerzensfreud.ch\\\/?page_id=122\",\"name\":\"Kontakt &#8211; H\u00e4rzensfreud\",\"isPartOf\":{\"@id\":\"https:\\\/\\\/haerzensfreud.ch\\\/#website\"},\"primaryImageOfPage\":{\"@id\":\"https:\\\/\\\/haerzensfreud.ch\\\/?page_id=122#primaryimage\"},\"image\":{\"@id\":\"https:\\\/\\\/haerzensfreud.ch\\\/?page_id=122#primaryimage\"},\"thumbnailUrl\":\"https:\\\/\\\/haerzensfreud.ch\\\/wp-content\\\/uploads\\\/2021\\\/10\\\/Header-transp-4.10.21.png\",\"datePublished\":\"2021-09-06T15:01:14+00:00\",\"dateModified\":\"2021-10-04T09:50:39+00:00\",\"breadcrumb\":{\"@id\":\"https:\\\/\\\/haerzensfreud.ch\\\/?page_id=122#breadcrumb\"},\"inLanguage\":\"de\",\"potentialAction\":[{\"@type\":\"ReadAction\",\"target\":[\"https:\\\/\\\/haerzensfreud.ch\\\/?page_id=122\"]}]},{\"@type\":\"ImageObject\",\"inLanguage\":\"de\",\"@id\":\"https:\\\/\\\/haerzensfreud.ch\\\/?page_id=122#primaryimage\",\"url\":\"https:\\\/\\\/haerzensfreud.ch\\\/wp-content\\\/uploads\\\/2021\\\/10\\\/Header-transp-4.10.21.png\",\"contentUrl\":\"https:\\\/\\\/haerzensfreud.ch\\\/wp-content\\\/uploads\\\/2021\\\/10\\\/Header-transp-4.10.21.png\",\"width\":551,\"height\":305},{\"@type\":\"BreadcrumbList\",\"@id\":\"https:\\\/\\\/haerzensfreud.ch\\\/?page_id=122#breadcrumb\",\"itemListElement\":[{\"@type\":\"ListItem\",\"position\":1,\"name\":\"Startseite\",\"item\":\"https:\\\/\\\/haerzensfreud.ch\\\/\"},{\"@type\":\"ListItem\",\"position\":2,\"name\":\"Kontakt\"}]},{\"@type\":\"WebSite\",\"@id\":\"https:\\\/\\\/haerzensfreud.ch\\\/#website\",\"url\":\"https:\\\/\\\/haerzensfreud.ch\\\/\",\"name\":\"H\u00e4rzensfreud\",\"description\":\"s\u00e4uber gmacht\",\"publisher\":{\"@id\":\"https:\\\/\\\/haerzensfreud.ch\\\/#organization\"},\"potentialAction\":[{\"@type\":\"SearchAction\",\"target\":{\"@type\":\"EntryPoint\",\"urlTemplate\":\"https:\\\/\\\/haerzensfreud.ch\\\/?s={search_term_string}\"},\"query-input\":{\"@type\":\"PropertyValueSpecification\",\"valueRequired\":true,\"valueName\":\"search_term_string\"}}],\"inLanguage\":\"de\"},{\"@type\":\"Organization\",\"@id\":\"https:\\\/\\\/haerzensfreud.ch\\\/#organization\",\"name\":\"H\u00e4rzensfreud\",\"url\":\"https:\\\/\\\/haerzensfreud.ch\\\/\",\"logo\":{\"@type\":\"ImageObject\",\"inLanguage\":\"de\",\"@id\":\"https:\\\/\\\/haerzensfreud.ch\\\/#\\\/schema\\\/logo\\\/image\\\/\",\"url\":\"https:\\\/\\\/haerzensfreud.ch\\\/wp-content\\\/uploads\\\/2021\\\/10\\\/cropped-Wasserzeichen-Logo-mit-saeuber-gmacht-23.10.21.png\",\"contentUrl\":\"https:\\\/\\\/haerzensfreud.ch\\\/wp-content\\\/uploads\\\/2021\\\/10\\\/cropped-Wasserzeichen-Logo-mit-saeuber-gmacht-23.10.21.png\",\"width\":86,\"height\":50,\"caption\":\"H\u00e4rzensfreud\"},\"image\":{\"@id\":\"https:\\\/\\\/haerzensfreud.ch\\\/#\\\/schema\\\/logo\\\/image\\\/\"}}]}<\/script>\n<!-- \/ Yoast SEO plugin. -->","yoast_head_json":{"title":"Kontakt &#8211; H\u00e4rzensfreud","robots":{"index":"index","follow":"follow","max-snippet":"max-snippet:-1","max-image-preview":"max-image-preview:large","max-video-preview":"max-video-preview:-1"},"canonical":"https:\/\/haerzensfreud.ch\/?page_id=122","og_locale":"de_DE","og_type":"article","og_title":"Kontakt &#8211; H\u00e4rzensfreud","og_description":"\u00a0 W\u00e4hrend den \u00d6ffnungszeiten des Ladens findest Du mich pers\u00f6nlich im H\u00c4RZENSFREUD. Du kannst mich auch telefonisch unter der Nummer 078 \/ 806 23 61 erreichen. Falls ich Deinen Anruf&hellip; Kontakt weiterlesen","og_url":"https:\/\/haerzensfreud.ch\/?page_id=122","og_site_name":"H\u00e4rzensfreud","article_modified_time":"2021-10-04T09:50:39+00:00","og_image":[{"url":"https:\/\/haerzensfreud.ch\/wp-content\/uploads\/2021\/10\/Header-transp-4.10.21.png","type":"","width":"","height":""}],"twitter_card":"summary_large_image","twitter_misc":{"Gesch\u00e4tzte Lesezeit":"1\u00a0Minute"},"schema":{"@context":"https:\/\/schema.org","@graph":[{"@type":"WebPage","@id":"https:\/\/haerzensfreud.ch\/?page_id=122","url":"https:\/\/haerzensfreud.ch\/?page_id=122","name":"Kontakt &#8211; H\u00e4rzensfreud","isPartOf":{"@id":"https:\/\/haerzensfreud.ch\/#website"},"primaryImageOfPage":{"@id":"https:\/\/haerzensfreud.ch\/?page_id=122#primaryimage"},"image":{"@id":"https:\/\/haerzensfreud.ch\/?page_id=122#primaryimage"},"thumbnailUrl":"https:\/\/haerzensfreud.ch\/wp-content\/uploads\/2021\/10\/Header-transp-4.10.21.png","datePublished":"2021-09-06T15:01:14+00:00","dateModified":"2021-10-04T09:50:39+00:00","breadcrumb":{"@id":"https:\/\/haerzensfreud.ch\/?page_id=122#breadcrumb"},"inLanguage":"de","potentialAction":[{"@type":"ReadAction","target":["https:\/\/haerzensfreud.ch\/?page_id=122"]}]},{"@type":"ImageObject","inLanguage":"de","@id":"https:\/\/haerzensfreud.ch\/?page_id=122#primaryimage","url":"https:\/\/haerzensfreud.ch\/wp-content\/uploads\/2021\/10\/Header-transp-4.10.21.png","contentUrl":"https:\/\/haerzensfreud.ch\/wp-content\/uploads\/2021\/10\/Header-transp-4.10.21.png","width":551,"height":305},{"@type":"BreadcrumbList","@id":"https:\/\/haerzensfreud.ch\/?page_id=122#breadcrumb","itemListElement":[{"@type":"ListItem","position":1,"name":"Startseite","item":"https:\/\/haerzensfreud.ch\/"},{"@type":"ListItem","position":2,"name":"Kontakt"}]},{"@type":"WebSite","@id":"https:\/\/haerzensfreud.ch\/#website","url":"https:\/\/haerzensfreud.ch\/","name":"H\u00e4rzensfreud","description":"s\u00e4uber gmacht","publisher":{"@id":"https:\/\/haerzensfreud.ch\/#organization"},"potentialAction":[{"@type":"SearchAction","target":{"@type":"EntryPoint","urlTemplate":"https:\/\/haerzensfreud.ch\/?s={search_term_string}"},"query-input":{"@type":"PropertyValueSpecification","valueRequired":true,"valueName":"search_term_string"}}],"inLanguage":"de"},{"@type":"Organization","@id":"https:\/\/haerzensfreud.ch\/#organization","name":"H\u00e4rzensfreud","url":"https:\/\/haerzensfreud.ch\/","logo":{"@type":"ImageObject","inLanguage":"de","@id":"https:\/\/haerzensfreud.ch\/#\/schema\/logo\/image\/","url":"https:\/\/haerzensfreud.ch\/wp-content\/uploads\/2021\/10\/cropped-Wasserzeichen-Logo-mit-saeuber-gmacht-23.10.21.png","contentUrl":"https:\/\/haerzensfreud.ch\/wp-content\/uploads\/2021\/10\/cropped-Wasserzeichen-Logo-mit-saeuber-gmacht-23.10.21.png","width":86,"height":50,"caption":"H\u00e4rzensfreud"},"image":{"@id":"https:\/\/haerzensfreud.ch\/#\/schema\/logo\/image\/"}}]}},"_links":{"self":[{"href":"https:\/\/haerzensfreud.ch\/index.php?rest_route=\/wp\/v2\/pages\/122","targetHints":{"allow":["GET"]}}],"collection":[{"href":"https:\/\/haerzensfreud.ch\/index.php?rest_route=\/wp\/v2\/pages"}],"about":[{"href":"https:\/\/haerzensfreud.ch\/index.php?rest_route=\/wp\/v2\/types\/page"}],"author":[{"embeddable":true,"href":"https:\/\/haerzensfreud.ch\/index.php?rest_route=\/wp\/v2\/users\/1"}],"replies":[{"embeddable":true,"href":"https:\/\/haerzensfreud.ch\/index.php?rest_route=%2Fwp%2Fv2%2Fcomments&post=122"}],"version-history":[{"count":70,"href":"https:\/\/haerzensfreud.ch\/index.php?rest_route=\/wp\/v2\/pages\/122\/revisions"}],"predecessor-version":[{"id":627,"href":"https:\/\/haerzensfreud.ch\/index.php?rest_route=\/wp\/v2\/pages\/122\/revisions\/627"}],"wp:attachment":[{"href":"https:\/\/haerzensfreud.ch\/index.php?rest_route=%2Fwp%2Fv2%2Fmedia&parent=122"}],"curies":[{"name":"wp","href":"https:\/\/api.w.org\/{rel}","templated":true}]}}